{"id":36,"date":"2022-10-19T06:06:57","date_gmt":"2022-10-19T06:06:57","guid":{"rendered":"https:\/\/sohimin.com\/?page_id=36"},"modified":"2022-10-19T16:59:38","modified_gmt":"2022-10-19T16:59:38","slug":"formulario-artco","status":"publish","type":"page","link":"https:\/\/sohimin.com\/index.php\/formulario-artco\/","title":{"rendered":"Formulario Artco"},"content":{"rendered":"\t\t<div data-elementor-type=\"wp-page\" data-elementor-id=\"36\" class=\"elementor elementor-36\" wpc-filter-elementor-widget=\"1\">\n\t\t\t\t\t\t<section class=\"elementor-section elementor-top-section elementor-element elementor-element-f1dc7d8 elementor-section-full_width elementor-section-stretched elementor-hidden-mobile elementor-section-height-default elementor-section-height-default\" data-id=\"f1dc7d8\" data-element_type=\"section\" data-e-type=\"section\" data-settings=\"{&quot;stretch_section&quot;:&quot;section-stretched&quot;}\">\n\t\t\t\t\t\t<div class=\"elementor-container elementor-column-gap-no\">\n\t\t\t\t\t<div class=\"elementor-column elementor-col-100 elementor-top-column elementor-element elementor-element-fdc0a63\" data-id=\"fdc0a63\" data-element_type=\"column\" data-e-type=\"column\">\n\t\t\t<div class=\"elementor-widget-wrap elementor-element-populated\">\n\t\t\t\t\t\t<div class=\"elementor-element elementor-element-9a5644d elementor-widget elementor-widget-image\" data-id=\"9a5644d\" data-element_type=\"widget\" data-e-type=\"widget\" data-widget_type=\"image.default\">\n\t\t\t\t<div class=\"elementor-widget-container\">\n\t\t\t\t\t\t\t\t\t\t\t\t\t\t\t<img fetchpriority=\"high\" decoding=\"async\" width=\"500\" height=\"195\" src=\"https:\/\/sohimin.com\/wp-content\/uploads\/2022\/10\/sohimin_logo.jpg\" class=\"attachment-large size-large wp-image-19\" alt=\"\" srcset=\"https:\/\/sohimin.com\/wp-content\/uploads\/2022\/10\/sohimin_logo.jpg 500w, https:\/\/sohimin.com\/wp-content\/uploads\/2022\/10\/sohimin_logo-416x162.jpg 416w, https:\/\/sohimin.com\/wp-content\/uploads\/2022\/10\/sohimin_logo-300x117.jpg 300w\" sizes=\"(max-width: 500px) 100vw, 500px\" \/>\t\t\t\t\t\t\t\t\t\t\t\t\t\t\t<\/div>\n\t\t\t\t<\/div>\n\t\t\t\t<div class=\"elementor-element elementor-element-d2149b6 elementor-widget elementor-widget-text-editor\" data-id=\"d2149b6\" data-element_type=\"widget\" data-e-type=\"widget\" data-widget_type=\"text-editor.default\">\n\t\t\t\t<div class=\"elementor-widget-container\">\n\t\t\t\t\t\t\t\t\t\u00bfQu\u00e9 son los Derechos ARCO?\t\t\t\t\t\t\t\t<\/div>\n\t\t\t\t<\/div>\n\t\t\t\t<div class=\"elementor-element elementor-element-5710f63 elementor-widget elementor-widget-text-editor\" data-id=\"5710f63\" data-element_type=\"widget\" data-e-type=\"widget\" data-widget_type=\"text-editor.default\">\n\t\t\t\t<div class=\"elementor-widget-container\">\n\t\t\t\t\t\t\t\t\t<p>Derechos ARCO son un conjunto de derechos que velan por la protecci\u00f3n de los datos personales, permiti\u00e9ndote controlar tu informaci\u00f3n personal. Para ello, la Ley N\u00b0 29733, Ley de Protecci\u00f3n de Datos Personales (LPDT) prev\u00e9 derechos que te permiten exigir que tus datos personales sean tratados adecuadamente.<\/p><p>\u00a0Podr\u00e1s generar solicitudes respecto a tus siguientes derechos:<\/p><p>1) Derecho de acceso: Toda persona tiene derecho a obtener la informaci\u00f3n que sobre s\u00ed mismo sea objeto de tratamiento en cualquier banco de datos, la forma en que sus datos fueron recopilados, las razones que motivaron su recopilaci\u00f3n y a solicitud de qui\u00e9n se realiz\u00f3 la recopilaci\u00f3n, as\u00ed como las transferencias realizadas o qu\u00e9 se prev\u00e9 hacer de ellos.<\/p><p>2) Derecho de rectificaci\u00f3n: Es el derecho que tiene todo titular de datos personales, el cual le permite modificar los datos que resulten ser parcial o totalmente inexactos, incompletos, err\u00f3neos o falsos. Tambi\u00e9n conocido como derecho de actualizaci\u00f3n e inclusi\u00f3n.<\/p><p>3) Derecho de cancelaci\u00f3n: El titular de los datos personales podr\u00e1 solicitar la supresi\u00f3n o cancelaci\u00f3n de sus datos personales cuando:<\/p><ul><li>Hayan dejado de ser necesarios o pertinentes para la finalidad para la cual fueron recopilados.<\/li><li>Haya vencido el plazo establecido para su tratamiento.<\/li><\/ul><p>Tener en cuenta que la eliminaci\u00f3n no proceder\u00e1 cuando los datos personales deban ser conservados por razones estrictas a las leyes aplicables o relaci\u00f3n entre responsable y titular.<\/p><p>4) Derecho de oposici\u00f3n: Toda persona tiene la posibilidad de, en caso est\u00e9n usando tus datos personales para otros motivos no permitidos, podr\u00e1 generar una solicitud para restringir su uso, siempre que por una ley no se disponga lo contrario.<br \/>Tener en cuenta que se debe indicar un motivo leg\u00edtimo y fundado sobre los datos personales que deseas restringir su uso.<\/p><p>\u00a0<\/p>\t\t\t\t\t\t\t\t<\/div>\n\t\t\t\t<\/div>\n\t\t\t\t<div class=\"elementor-element elementor-element-7a35de7 elementor-widget elementor-widget-text-editor\" data-id=\"7a35de7\" data-element_type=\"widget\" data-e-type=\"widget\" data-widget_type=\"text-editor.default\">\n\t\t\t\t<div class=\"elementor-widget-container\">\n\t\t\t\t\t\t\t\t\tDerechos de ARCO\t\t\t\t\t\t\t\t<\/div>\n\t\t\t\t<\/div>\n\t\t\t\t<div class=\"elementor-element elementor-element-4cba50e elementor-widget elementor-widget-text-editor\" data-id=\"4cba50e\" data-element_type=\"widget\" data-e-type=\"widget\" data-widget_type=\"text-editor.default\">\n\t\t\t\t<div class=\"elementor-widget-container\">\n\t\t\t\t\t\t\t\t\t<p><span style=\"color: #000000;\"><a style=\"color: #000000;\" href=\"https:\/\/www.gob.pe\/9270-que-son-los-derechos-arco\" target=\"_blank\" rel=\"noopener\">Derechos ARCO<\/a><\/span> (Acceso, Rectificaci\u00f3n, Cancelaci\u00f3n y Oposici\u00f3n). En caso desees ejercer tus derechos con SOHIMIN EIRL por favor, completa el formato de solicitud y remite un correo a: ventas@sohimin.com<\/p>\t\t\t\t\t\t\t\t<\/div>\n\t\t\t\t<\/div>\n\t\t\t\t<div class=\"elementor-element elementor-element-b3ad88e elementor-align-center elementor-widget elementor-widget-button\" data-id=\"b3ad88e\" data-element_type=\"widget\" data-e-type=\"widget\" data-widget_type=\"button.default\">\n\t\t\t\t<div class=\"elementor-widget-container\">\n\t\t\t\t\t\t\t\t\t<div class=\"elementor-button-wrapper\">\n\t\t\t\t\t<a class=\"elementor-button elementor-button-link elementor-size-sm\" href=\"https:\/\/sohimin.com\/wp-content\/uploads\/2022\/10\/Formulario-Derechos-ARCO-SoHIMIN.docx\">\n\t\t\t\t\t\t<span class=\"elementor-button-content-wrapper\">\n\t\t\t\t\t\t\t\t\t<span class=\"elementor-button-text\">Descargar Formulario<\/span>\n\t\t\t\t\t<\/span>\n\t\t\t\t\t<\/a>\n\t\t\t\t<\/div>\n\t\t\t\t\t\t\t\t<\/div>\n\t\t\t\t<\/div>\n\t\t\t\t\t<\/div>\n\t\t<\/div>\n\t\t\t\t\t<\/div>\n\t\t<\/section>\n\t\t\t\t<section class=\"elementor-section elementor-top-section elementor-element elementor-element-fc8843b elementor-section-full_width elementor-section-stretched elementor-hidden-desktop elementor-hidden-tablet elementor-section-height-default elementor-section-height-default\" data-id=\"fc8843b\" data-element_type=\"section\" data-e-type=\"section\" data-settings=\"{&quot;stretch_section&quot;:&quot;section-stretched&quot;}\">\n\t\t\t\t\t\t<div class=\"elementor-container elementor-column-gap-no\">\n\t\t\t\t\t<div class=\"elementor-column elementor-col-100 elementor-top-column elementor-element elementor-element-15e4637\" data-id=\"15e4637\" data-element_type=\"column\" data-e-type=\"column\">\n\t\t\t<div class=\"elementor-widget-wrap elementor-element-populated\">\n\t\t\t\t\t\t<div class=\"elementor-element elementor-element-c806a44 elementor-widget elementor-widget-image\" data-id=\"c806a44\" data-element_type=\"widget\" data-e-type=\"widget\" data-widget_type=\"image.default\">\n\t\t\t\t<div class=\"elementor-widget-container\">\n\t\t\t\t\t\t\t\t\t\t\t\t\t\t\t<img fetchpriority=\"high\" decoding=\"async\" width=\"500\" height=\"195\" src=\"https:\/\/sohimin.com\/wp-content\/uploads\/2022\/10\/sohimin_logo.jpg\" class=\"attachment-large size-large wp-image-19\" alt=\"\" srcset=\"https:\/\/sohimin.com\/wp-content\/uploads\/2022\/10\/sohimin_logo.jpg 500w, https:\/\/sohimin.com\/wp-content\/uploads\/2022\/10\/sohimin_logo-416x162.jpg 416w, https:\/\/sohimin.com\/wp-content\/uploads\/2022\/10\/sohimin_logo-300x117.jpg 300w\" sizes=\"(max-width: 500px) 100vw, 500px\" \/>\t\t\t\t\t\t\t\t\t\t\t\t\t\t\t<\/div>\n\t\t\t\t<\/div>\n\t\t\t\t<div class=\"elementor-element elementor-element-4809af2 elementor-widget elementor-widget-text-editor\" data-id=\"4809af2\" data-element_type=\"widget\" data-e-type=\"widget\" data-widget_type=\"text-editor.default\">\n\t\t\t\t<div class=\"elementor-widget-container\">\n\t\t\t\t\t\t\t\t\t\u00bfQu\u00e9 son los Derechos ARCO?\t\t\t\t\t\t\t\t<\/div>\n\t\t\t\t<\/div>\n\t\t\t\t<div class=\"elementor-element elementor-element-2a55175 elementor-widget elementor-widget-text-editor\" data-id=\"2a55175\" data-element_type=\"widget\" data-e-type=\"widget\" data-widget_type=\"text-editor.default\">\n\t\t\t\t<div class=\"elementor-widget-container\">\n\t\t\t\t\t\t\t\t\t<p>Derechos ARCO son un conjunto de derechos que velan por la protecci\u00f3n de los datos personales, permiti\u00e9ndote controlar tu informaci\u00f3n personal. Para ello, la Ley N\u00b0 29733, Ley de Protecci\u00f3n de Datos Personales (LPDT) prev\u00e9 derechos que te permiten exigir que tus datos personales sean tratados adecuadamente.<\/p><p>\u00a0Podr\u00e1s generar solicitudes respecto a tus siguientes derechos:<\/p><p>1) Derecho de acceso: Toda persona tiene derecho a obtener la informaci\u00f3n que sobre s\u00ed mismo sea objeto de tratamiento en cualquier banco de datos, la forma en que sus datos fueron recopilados, las razones que motivaron su recopilaci\u00f3n y a solicitud de qui\u00e9n se realiz\u00f3 la recopilaci\u00f3n, as\u00ed como las transferencias realizadas o qu\u00e9 se prev\u00e9 hacer de ellos.<\/p><p>2) Derecho de rectificaci\u00f3n: Es el derecho que tiene todo titular de datos personales, el cual le permite modificar los datos que resulten ser parcial o totalmente inexactos, incompletos, err\u00f3neos o falsos. Tambi\u00e9n conocido como derecho de actualizaci\u00f3n e inclusi\u00f3n.<\/p><p>3) Derecho de cancelaci\u00f3n: El titular de los datos personales podr\u00e1 solicitar la supresi\u00f3n o cancelaci\u00f3n de sus datos personales cuando:<\/p><ul><li>Hayan dejado de ser necesarios o pertinentes para la finalidad para la cual fueron recopilados.<\/li><li>Haya vencido el plazo establecido para su tratamiento.<\/li><\/ul><p>Tener en cuenta que la eliminaci\u00f3n no proceder\u00e1 cuando los datos personales deban ser conservados por razones estrictas a las leyes aplicables o relaci\u00f3n entre responsable y titular.<\/p><p>4) Derecho de oposici\u00f3n: Toda persona tiene la posibilidad de, en caso est\u00e9n usando tus datos personales para otros motivos no permitidos, podr\u00e1 generar una solicitud para restringir su uso, siempre que por una ley no se disponga lo contrario.<br \/>Tener en cuenta que se debe indicar un motivo leg\u00edtimo y fundado sobre los datos personales que deseas restringir su uso.<\/p><p>\u00a0<\/p>\t\t\t\t\t\t\t\t<\/div>\n\t\t\t\t<\/div>\n\t\t\t\t<div class=\"elementor-element elementor-element-b776a7a elementor-widget elementor-widget-text-editor\" data-id=\"b776a7a\" data-element_type=\"widget\" data-e-type=\"widget\" data-widget_type=\"text-editor.default\">\n\t\t\t\t<div class=\"elementor-widget-container\">\n\t\t\t\t\t\t\t\t\tDerechos de ARCO\t\t\t\t\t\t\t\t<\/div>\n\t\t\t\t<\/div>\n\t\t\t\t<div class=\"elementor-element elementor-element-f251c8d elementor-widget elementor-widget-text-editor\" data-id=\"f251c8d\" data-element_type=\"widget\" data-e-type=\"widget\" data-widget_type=\"text-editor.default\">\n\t\t\t\t<div class=\"elementor-widget-container\">\n\t\t\t\t\t\t\t\t\t<p><span style=\"color: #000000;\"><a style=\"color: #000000;\" href=\"https:\/\/www.gob.pe\/9270-que-son-los-derechos-arco\" target=\"_blank\" rel=\"noopener\">Derechos ARCO<\/a><\/span> (Acceso, Rectificaci\u00f3n, Cancelaci\u00f3n y Oposici\u00f3n). En caso desees ejercer tus derechos con SOHIMIN EIRL por favor, completa el formato de solicitud y remite un correo a: ventas@sohimin.com<\/p>\t\t\t\t\t\t\t\t<\/div>\n\t\t\t\t<\/div>\n\t\t\t\t<div class=\"elementor-element elementor-element-63bd1a4 elementor-align-center elementor-widget elementor-widget-button\" data-id=\"63bd1a4\" data-element_type=\"widget\" data-e-type=\"widget\" data-widget_type=\"button.default\">\n\t\t\t\t<div class=\"elementor-widget-container\">\n\t\t\t\t\t\t\t\t\t<div class=\"elementor-button-wrapper\">\n\t\t\t\t\t<a class=\"elementor-button elementor-button-link elementor-size-sm\" href=\"https:\/\/sohimin.com\/wp-content\/uploads\/2022\/10\/Formulario-Derechos-ARCO-SoHIMIN.docx\">\n\t\t\t\t\t\t<span class=\"elementor-button-content-wrapper\">\n\t\t\t\t\t\t\t\t\t<span class=\"elementor-button-text\">Descargar Formulario<\/span>\n\t\t\t\t\t<\/span>\n\t\t\t\t\t<\/a>\n\t\t\t\t<\/div>\n\t\t\t\t\t\t\t\t<\/div>\n\t\t\t\t<\/div>\n\t\t\t\t\t<\/div>\n\t\t<\/div>\n\t\t\t\t\t<\/div>\n\t\t<\/section>\n\t\t\t\t<\/div>\n\t\t","protected":false},"excerpt":{"rendered":"<p>\u00bfQu\u00e9 son los Derechos ARCO? Derechos ARCO son un conjunto de derechos que velan por la protecci\u00f3n de los datos personales, permiti\u00e9ndote controlar tu informaci\u00f3n personal. Para ello, la Ley N\u00b0 29733, Ley de Protecci\u00f3n de Datos Personales (LPDT) prev\u00e9 derechos que te permiten exigir que tus datos personales sean tratados adecuadamente. \u00a0Podr\u00e1s generar solicitudes [&hellip;]<\/p>\n","protected":false},"author":2,"featured_media":20,"parent":0,"menu_order":0,"comment_status":"closed","ping_status":"closed","template":"elementor_header_footer","meta":{"_monsterinsights_skip_tracking":false,"_monsterinsights_sitenote_active":false,"_monsterinsights_sitenote_note":"","_monsterinsights_sitenote_category":0,"site-sidebar-layout":"default","site-content-layout":"","ast-site-content-layout":"default","site-content-style":"default","site-sidebar-style":"default","ast-global-header-display":"","ast-banner-title-visibility":"","ast-main-header-display":"","ast-hfb-above-header-display":"","ast-hfb-below-header-display":"","ast-hfb-mobile-header-display":"","site-post-title":"","ast-breadcrumbs-content":"","ast-featured-img":"","footer-sml-layout":"","ast-disable-related-posts":"","theme-transparent-header-meta":"","adv-header-id-meta":"","stick-header-meta":"","header-above-stick-meta":"","header-main-stick-meta":"","header-below-stick-meta":"","astra-migrate-meta-layouts":"default","ast-page-background-enabled":"default","ast-page-background-meta":{"desktop":{"background-color":"var(--ast-global-color-4)","background-image":"","background-repeat":"repeat","background-position":"center center","background-size":"auto","background-attachment":"scroll","background-type":"","background-media":"","overlay-type":"","overlay-color":"","overlay-opacity":"","overlay-gradient":""},"tablet":{"background-color":"","background-image":"","background-repeat":"repeat","background-position":"center center","background-size":"auto","background-attachment":"scroll","background-type":"","background-media":"","overlay-type":"","overlay-color":"","overlay-opacity":"","overlay-gradient":""},"mobile":{"background-color":"","background-image":"","background-repeat":"repeat","background-position":"center center","background-size":"auto","background-attachment":"scroll","background-type":"","background-media":"","overlay-type":"","overlay-color":"","overlay-opacity":"","overlay-gradient":""}},"ast-content-background-meta":{"desktop":{"background-color":"var(--ast-global-color-5)","background-image":"","background-repeat":"repeat","background-position":"center center","background-size":"auto","background-attachment":"scroll","background-type":"","background-media":"","overlay-type":"","overlay-color":"","overlay-opacity":"","overlay-gradient":""},"tablet":{"background-color":"var(--ast-global-color-5)","background-image":"","background-repeat":"repeat","background-position":"center center","background-size":"auto","background-attachment":"scroll","background-type":"","background-media":"","overlay-type":"","overlay-color":"","overlay-opacity":"","overlay-gradient":""},"mobile":{"background-color":"var(--ast-global-color-5)","background-image":"","background-repeat":"repeat","background-position":"center center","background-size":"auto","background-attachment":"scroll","background-type":"","background-media":"","overlay-type":"","overlay-color":"","overlay-opacity":"","overlay-gradient":""}},"footnotes":""},"class_list":["post-36","page","type-page","status-publish","has-post-thumbnail","hentry"],"yoast_head":"<!-- This site is optimized with the Yoast SEO plugin v27.3 - https:\/\/yoast.com\/product\/yoast-seo-wordpress\/ -->\n<title>Formulario Artco - Sohimin EIRL<\/title>\n<meta name=\"description\" content=\"Formulario Artco\" \/>\n<meta name=\"robots\" content=\"index, follow, max-snippet:-1, max-image-preview:large, max-video-preview:-1\" \/>\n<link rel=\"canonical\" href=\"https:\/\/sohimin.com\/index.php\/formulario-artco\/\" \/>\n<meta property=\"og:locale\" content=\"es_ES\" \/>\n<meta property=\"og:type\" content=\"article\" \/>\n<meta property=\"og:title\" content=\"Formulario Artco - Sohimin EIRL\" \/>\n<meta property=\"og:description\" content=\"Formulario Artco\" \/>\n<meta property=\"og:url\" content=\"https:\/\/sohimin.com\/index.php\/formulario-artco\/\" \/>\n<meta property=\"og:site_name\" content=\"Sohimin EIRL\" \/>\n<meta property=\"article:modified_time\" content=\"2022-10-19T16:59:38+00:00\" \/>\n<meta property=\"og:image\" content=\"https:\/\/sohimin.com\/wp-content\/uploads\/2022\/10\/cropped-icono.jpg\" \/>\n\t<meta property=\"og:image:width\" content=\"512\" \/>\n\t<meta property=\"og:image:height\" content=\"512\" \/>\n\t<meta property=\"og:image:type\" content=\"image\/jpeg\" \/>\n<meta name=\"twitter:card\" content=\"summary_large_image\" \/>\n<meta name=\"twitter:label1\" content=\"Tiempo de lectura\" \/>\n\t<meta name=\"twitter:data1\" content=\"4 minutos\" \/>\n<script type=\"application\/ld+json\" class=\"yoast-schema-graph\">{\"@context\":\"https:\\\/\\\/schema.org\",\"@graph\":[{\"@type\":\"WebPage\",\"@id\":\"https:\\\/\\\/sohimin.com\\\/index.php\\\/formulario-artco\\\/\",\"url\":\"https:\\\/\\\/sohimin.com\\\/index.php\\\/formulario-artco\\\/\",\"name\":\"Formulario Artco - Sohimin EIRL\",\"isPartOf\":{\"@id\":\"https:\\\/\\\/sohimin.com\\\/#website\"},\"primaryImageOfPage\":{\"@id\":\"https:\\\/\\\/sohimin.com\\\/index.php\\\/formulario-artco\\\/#primaryimage\"},\"image\":{\"@id\":\"https:\\\/\\\/sohimin.com\\\/index.php\\\/formulario-artco\\\/#primaryimage\"},\"thumbnailUrl\":\"https:\\\/\\\/sohimin.com\\\/wp-content\\\/uploads\\\/2022\\\/10\\\/cropped-icono.jpg\",\"datePublished\":\"2022-10-19T06:06:57+00:00\",\"dateModified\":\"2022-10-19T16:59:38+00:00\",\"description\":\"Formulario Artco\",\"breadcrumb\":{\"@id\":\"https:\\\/\\\/sohimin.com\\\/index.php\\\/formulario-artco\\\/#breadcrumb\"},\"inLanguage\":\"es\",\"potentialAction\":[{\"@type\":\"ReadAction\",\"target\":[\"https:\\\/\\\/sohimin.com\\\/index.php\\\/formulario-artco\\\/\"]}]},{\"@type\":\"ImageObject\",\"inLanguage\":\"es\",\"@id\":\"https:\\\/\\\/sohimin.com\\\/index.php\\\/formulario-artco\\\/#primaryimage\",\"url\":\"https:\\\/\\\/sohimin.com\\\/wp-content\\\/uploads\\\/2022\\\/10\\\/cropped-icono.jpg\",\"contentUrl\":\"https:\\\/\\\/sohimin.com\\\/wp-content\\\/uploads\\\/2022\\\/10\\\/cropped-icono.jpg\",\"width\":512,\"height\":512},{\"@type\":\"BreadcrumbList\",\"@id\":\"https:\\\/\\\/sohimin.com\\\/index.php\\\/formulario-artco\\\/#breadcrumb\",\"itemListElement\":[{\"@type\":\"ListItem\",\"position\":1,\"name\":\"Portada\",\"item\":\"https:\\\/\\\/sohimin.com\\\/\"},{\"@type\":\"ListItem\",\"position\":2,\"name\":\"Formulario Artco\"}]},{\"@type\":\"WebSite\",\"@id\":\"https:\\\/\\\/sohimin.com\\\/#website\",\"url\":\"https:\\\/\\\/sohimin.com\\\/\",\"name\":\"Sohimin EIRL\",\"description\":\"Sohimin EIRL\",\"publisher\":{\"@id\":\"https:\\\/\\\/sohimin.com\\\/#organization\"},\"potentialAction\":[{\"@type\":\"SearchAction\",\"target\":{\"@type\":\"EntryPoint\",\"urlTemplate\":\"https:\\\/\\\/sohimin.com\\\/?s={search_term_string}\"},\"query-input\":{\"@type\":\"PropertyValueSpecification\",\"valueRequired\":true,\"valueName\":\"search_term_string\"}}],\"inLanguage\":\"es\"},{\"@type\":\"Organization\",\"@id\":\"https:\\\/\\\/sohimin.com\\\/#organization\",\"name\":\"Sohimin EIRL\",\"alternateName\":\"Sohimin EIRL\",\"url\":\"https:\\\/\\\/sohimin.com\\\/\",\"logo\":{\"@type\":\"ImageObject\",\"inLanguage\":\"es\",\"@id\":\"https:\\\/\\\/sohimin.com\\\/#\\\/schema\\\/logo\\\/image\\\/\",\"url\":\"https:\\\/\\\/sohimin.com\\\/wp-content\\\/uploads\\\/2022\\\/10\\\/logo.png\",\"contentUrl\":\"https:\\\/\\\/sohimin.com\\\/wp-content\\\/uploads\\\/2022\\\/10\\\/logo.png\",\"width\":280,\"height\":88,\"caption\":\"Sohimin EIRL\"},\"image\":{\"@id\":\"https:\\\/\\\/sohimin.com\\\/#\\\/schema\\\/logo\\\/image\\\/\"}}]}<\/script>\n<!-- \/ Yoast SEO plugin. -->","yoast_head_json":{"title":"Formulario Artco - Sohimin EIRL","description":"Formulario Artco","robots":{"index":"index","follow":"follow","max-snippet":"max-snippet:-1","max-image-preview":"max-image-preview:large","max-video-preview":"max-video-preview:-1"},"canonical":"https:\/\/sohimin.com\/index.php\/formulario-artco\/","og_locale":"es_ES","og_type":"article","og_title":"Formulario Artco - Sohimin EIRL","og_description":"Formulario Artco","og_url":"https:\/\/sohimin.com\/index.php\/formulario-artco\/","og_site_name":"Sohimin EIRL","article_modified_time":"2022-10-19T16:59:38+00:00","og_image":[{"width":512,"height":512,"url":"https:\/\/sohimin.com\/wp-content\/uploads\/2022\/10\/cropped-icono.jpg","type":"image\/jpeg"}],"twitter_card":"summary_large_image","twitter_misc":{"Tiempo de lectura":"4 minutos"},"schema":{"@context":"https:\/\/schema.org","@graph":[{"@type":"WebPage","@id":"https:\/\/sohimin.com\/index.php\/formulario-artco\/","url":"https:\/\/sohimin.com\/index.php\/formulario-artco\/","name":"Formulario Artco - Sohimin EIRL","isPartOf":{"@id":"https:\/\/sohimin.com\/#website"},"primaryImageOfPage":{"@id":"https:\/\/sohimin.com\/index.php\/formulario-artco\/#primaryimage"},"image":{"@id":"https:\/\/sohimin.com\/index.php\/formulario-artco\/#primaryimage"},"thumbnailUrl":"https:\/\/sohimin.com\/wp-content\/uploads\/2022\/10\/cropped-icono.jpg","datePublished":"2022-10-19T06:06:57+00:00","dateModified":"2022-10-19T16:59:38+00:00","description":"Formulario Artco","breadcrumb":{"@id":"https:\/\/sohimin.com\/index.php\/formulario-artco\/#breadcrumb"},"inLanguage":"es","potentialAction":[{"@type":"ReadAction","target":["https:\/\/sohimin.com\/index.php\/formulario-artco\/"]}]},{"@type":"ImageObject","inLanguage":"es","@id":"https:\/\/sohimin.com\/index.php\/formulario-artco\/#primaryimage","url":"https:\/\/sohimin.com\/wp-content\/uploads\/2022\/10\/cropped-icono.jpg","contentUrl":"https:\/\/sohimin.com\/wp-content\/uploads\/2022\/10\/cropped-icono.jpg","width":512,"height":512},{"@type":"BreadcrumbList","@id":"https:\/\/sohimin.com\/index.php\/formulario-artco\/#breadcrumb","itemListElement":[{"@type":"ListItem","position":1,"name":"Portada","item":"https:\/\/sohimin.com\/"},{"@type":"ListItem","position":2,"name":"Formulario Artco"}]},{"@type":"WebSite","@id":"https:\/\/sohimin.com\/#website","url":"https:\/\/sohimin.com\/","name":"Sohimin EIRL","description":"Sohimin EIRL","publisher":{"@id":"https:\/\/sohimin.com\/#organization"},"potentialAction":[{"@type":"SearchAction","target":{"@type":"EntryPoint","urlTemplate":"https:\/\/sohimin.com\/?s={search_term_string}"},"query-input":{"@type":"PropertyValueSpecification","valueRequired":true,"valueName":"search_term_string"}}],"inLanguage":"es"},{"@type":"Organization","@id":"https:\/\/sohimin.com\/#organization","name":"Sohimin EIRL","alternateName":"Sohimin EIRL","url":"https:\/\/sohimin.com\/","logo":{"@type":"ImageObject","inLanguage":"es","@id":"https:\/\/sohimin.com\/#\/schema\/logo\/image\/","url":"https:\/\/sohimin.com\/wp-content\/uploads\/2022\/10\/logo.png","contentUrl":"https:\/\/sohimin.com\/wp-content\/uploads\/2022\/10\/logo.png","width":280,"height":88,"caption":"Sohimin EIRL"},"image":{"@id":"https:\/\/sohimin.com\/#\/schema\/logo\/image\/"}}]}},"_links":{"self":[{"href":"https:\/\/sohimin.com\/index.php\/wp-json\/wp\/v2\/pages\/36","targetHints":{"allow":["GET"]}}],"collection":[{"href":"https:\/\/sohimin.com\/index.php\/wp-json\/wp\/v2\/pages"}],"about":[{"href":"https:\/\/sohimin.com\/index.php\/wp-json\/wp\/v2\/types\/page"}],"author":[{"embeddable":true,"href":"https:\/\/sohimin.com\/index.php\/wp-json\/wp\/v2\/users\/2"}],"replies":[{"embeddable":true,"href":"https:\/\/sohimin.com\/index.php\/wp-json\/wp\/v2\/comments?post=36"}],"version-history":[{"count":7,"href":"https:\/\/sohimin.com\/index.php\/wp-json\/wp\/v2\/pages\/36\/revisions"}],"predecessor-version":[{"id":448,"href":"https:\/\/sohimin.com\/index.php\/wp-json\/wp\/v2\/pages\/36\/revisions\/448"}],"wp:featuredmedia":[{"embeddable":true,"href":"https:\/\/sohimin.com\/index.php\/wp-json\/wp\/v2\/media\/20"}],"wp:attachment":[{"href":"https:\/\/sohimin.com\/index.php\/wp-json\/wp\/v2\/media?parent=36"}],"curies":[{"name":"wp","href":"https:\/\/api.w.org\/{rel}","templated":true}]}}