{"id":1808,"date":"2026-01-06T20:53:15","date_gmt":"2026-01-06T20:53:15","guid":{"rendered":"https:\/\/sohimin.com\/?post_type=product&#038;p=1808"},"modified":"2026-01-06T20:57:49","modified_gmt":"2026-01-06T20:57:49","slug":"manguera-oil-hidrocarburos-combustibles-naftaflex","status":"publish","type":"product","link":"https:\/\/sohimin.com\/index.php\/producto\/manguera-oil-hidrocarburos-combustibles-naftaflex\/","title":{"rendered":"Manguera corrugada para Oil &#8211; Combustible"},"content":{"rendered":"<p data-start=\"264\" data-end=\"675\">Manguera industrial dise\u00f1ada para la <strong data-start=\"301\" data-end=\"344\">impulsi\u00f3n y aspiraci\u00f3n de hidrocarburos<\/strong>, carburantes y aceites minerales en operaciones de trasvase.<br data-start=\"405\" data-end=\"408\" \/>Fabricada con <strong data-start=\"422\" data-end=\"452\">tubo interno de caucho NBR<\/strong>, resistente a productos derivados del petr\u00f3leo con hasta <strong data-start=\"510\" data-end=\"531\">50% de arom\u00e1ticos<\/strong>, y refuerzo textil de alta tenacidad con <strong data-start=\"573\" data-end=\"601\">doble espiral de alambre<\/strong>, que le brinda flexibilidad y resistencia tanto en presi\u00f3n como en vac\u00edo.<\/p>\n<p data-start=\"677\" data-end=\"880\">Su <strong data-start=\"680\" data-end=\"722\">cubierta externa de caucho NBR grecada<\/strong>, resistente a la intemperie y al ozono, la hace ideal para aplicaciones exigentes en <strong data-start=\"808\" data-end=\"879\">industria, miner\u00eda, estaciones de servicio y plantas de combustible<\/strong>.<\/p>\n","protected":false},"excerpt":{"rendered":"<p>Manguera industrial dise\u00f1ada para la impulsi\u00f3n y aspiraci\u00f3n de hidrocarburos, carburantes y aceites minerales en operaciones de trasvase.Fabricada con tubo interno de caucho NBR, resistente a productos derivados del petr\u00f3leo con hasta 50% de arom\u00e1ticos, y refuerzo textil de alta tenacidad con doble espiral de alambre, que le brinda flexibilidad y resistencia tanto en presi\u00f3n [&hellip;]<\/p>\n","protected":false},"featured_media":1810,"template":"","meta":{"_monsterinsights_skip_tracking":false,"_monsterinsights_sitenote_active":false,"_monsterinsights_sitenote_note":"","_monsterinsights_sitenote_category":0,"site-sidebar-layout":"default","site-content-layout":"","ast-site-content-layout":"default","site-content-style":"default","site-sidebar-style":"default","ast-global-header-display":"","ast-banner-title-visibility":"","ast-main-header-display":"","ast-hfb-above-header-display":"","ast-hfb-below-header-display":"","ast-hfb-mobile-header-display":"","site-post-title":"","ast-breadcrumbs-content":"","ast-featured-img":"","footer-sml-layout":"","ast-disable-related-posts":"","theme-transparent-header-meta":"default","adv-header-id-meta":"","stick-header-meta":"","header-above-stick-meta":"","header-main-stick-meta":"","header-below-stick-meta":"","astra-migrate-meta-layouts":"set","ast-page-background-enabled":"default","ast-page-background-meta":{"desktop":{"background-color":"var(--ast-global-color-4)","background-image":"","background-repeat":"repeat","background-position":"center center","background-size":"auto","background-attachment":"scroll","background-type":"","background-media":"","overlay-type":"","overlay-color":"","overlay-opacity":"","overlay-gradient":""},"tablet":{"background-color":"","background-image":"","background-repeat":"repeat","background-position":"center center","background-size":"auto","background-attachment":"scroll","background-type":"","background-media":"","overlay-type":"","overlay-color":"","overlay-opacity":"","overlay-gradient":""},"mobile":{"background-color":"","background-image":"","background-repeat":"repeat","background-position":"center center","background-size":"auto","background-attachment":"scroll","background-type":"","background-media":"","overlay-type":"","overlay-color":"","overlay-opacity":"","overlay-gradient":""}},"ast-content-background-meta":{"desktop":{"background-color":"var(--ast-global-color-5)","background-image":"","background-repeat":"repeat","background-position":"center center","background-size":"auto","background-attachment":"scroll","background-type":"","background-media":"","overlay-type":"","overlay-color":"","overlay-opacity":"","overlay-gradient":""},"tablet":{"background-color":"var(--ast-global-color-5)","background-image":"","background-repeat":"repeat","background-position":"center center","background-size":"auto","background-attachment":"scroll","background-type":"","background-media":"","overlay-type":"","overlay-color":"","overlay-opacity":"","overlay-gradient":""},"mobile":{"background-color":"var(--ast-global-color-5)","background-image":"","background-repeat":"repeat","background-position":"center center","background-size":"auto","background-attachment":"scroll","background-type":"","background-media":"","overlay-type":"","overlay-color":"","overlay-opacity":"","overlay-gradient":""}}},"product_brand":[133],"product_cat":[31],"product_tag":[],"class_list":{"0":"post-1808","1":"product","2":"type-product","3":"status-publish","4":"has-post-thumbnail","6":"product_brand-thor","7":"product_cat-mangueras-industriales","8":"desktop-align-left","9":"tablet-align-left","10":"mobile-align-left","12":"first","13":"instock","14":"shipping-taxable","15":"product-type-simple"},"yoast_head":"<!-- This site is optimized with the Yoast SEO plugin v27.3 - https:\/\/yoast.com\/product\/yoast-seo-wordpress\/ -->\n<title>Manguera para Oil y Combustibles Naftaflex | Sohimin<\/title>\n<meta name=\"description\" content=\"Manguera para impulsi\u00f3n y succi\u00f3n de hidrocarburos y combustibles. Resistente a aceites y derivados del petr\u00f3leo. Ideal para trasvase industrial.\" \/>\n<meta name=\"robots\" content=\"index, follow, max-snippet:-1, max-image-preview:large, max-video-preview:-1\" \/>\n<link rel=\"canonical\" href=\"https:\/\/sohimin.com\/index.php\/producto\/manguera-oil-hidrocarburos-combustibles-naftaflex\/\" \/>\n<meta property=\"og:locale\" content=\"es_ES\" \/>\n<meta property=\"og:type\" content=\"article\" \/>\n<meta property=\"og:title\" content=\"Manguera para Oil y Combustibles Naftaflex | Sohimin\" \/>\n<meta property=\"og:description\" content=\"Manguera para impulsi\u00f3n y succi\u00f3n de hidrocarburos y combustibles. Resistente a aceites y derivados del petr\u00f3leo. Ideal para trasvase industrial.\" \/>\n<meta property=\"og:url\" content=\"https:\/\/sohimin.com\/index.php\/producto\/manguera-oil-hidrocarburos-combustibles-naftaflex\/\" \/>\n<meta property=\"og:site_name\" content=\"Sohimin EIRL\" \/>\n<meta property=\"article:modified_time\" content=\"2026-01-06T20:57:49+00:00\" \/>\n<meta property=\"og:image\" content=\"https:\/\/sohimin.com\/wp-content\/uploads\/2026\/01\/manguera-thor.png\" \/>\n\t<meta property=\"og:image:width\" content=\"594\" \/>\n\t<meta property=\"og:image:height\" content=\"301\" \/>\n\t<meta property=\"og:image:type\" content=\"image\/png\" \/>\n<meta name=\"twitter:card\" content=\"summary_large_image\" \/>\n<meta name=\"twitter:label1\" content=\"Tiempo de lectura\" \/>\n\t<meta name=\"twitter:data1\" content=\"1 minuto\" \/>\n<script type=\"application\/ld+json\" class=\"yoast-schema-graph\">{\"@context\":\"https:\\\/\\\/schema.org\",\"@graph\":[{\"@type\":\"WebPage\",\"@id\":\"https:\\\/\\\/sohimin.com\\\/index.php\\\/producto\\\/manguera-oil-hidrocarburos-combustibles-naftaflex\\\/\",\"url\":\"https:\\\/\\\/sohimin.com\\\/index.php\\\/producto\\\/manguera-oil-hidrocarburos-combustibles-naftaflex\\\/\",\"name\":\"Manguera para Oil y Combustibles Naftaflex | Sohimin\",\"isPartOf\":{\"@id\":\"https:\\\/\\\/sohimin.com\\\/#website\"},\"primaryImageOfPage\":{\"@id\":\"https:\\\/\\\/sohimin.com\\\/index.php\\\/producto\\\/manguera-oil-hidrocarburos-combustibles-naftaflex\\\/#primaryimage\"},\"image\":{\"@id\":\"https:\\\/\\\/sohimin.com\\\/index.php\\\/producto\\\/manguera-oil-hidrocarburos-combustibles-naftaflex\\\/#primaryimage\"},\"thumbnailUrl\":\"https:\\\/\\\/sohimin.com\\\/wp-content\\\/uploads\\\/2026\\\/01\\\/manguera-thor.png\",\"datePublished\":\"2026-01-06T20:53:15+00:00\",\"dateModified\":\"2026-01-06T20:57:49+00:00\",\"description\":\"Manguera para impulsi\u00f3n y succi\u00f3n de hidrocarburos y combustibles. Resistente a aceites y derivados del petr\u00f3leo. Ideal para trasvase industrial.\",\"breadcrumb\":{\"@id\":\"https:\\\/\\\/sohimin.com\\\/index.php\\\/producto\\\/manguera-oil-hidrocarburos-combustibles-naftaflex\\\/#breadcrumb\"},\"inLanguage\":\"es\",\"potentialAction\":[{\"@type\":\"ReadAction\",\"target\":[\"https:\\\/\\\/sohimin.com\\\/index.php\\\/producto\\\/manguera-oil-hidrocarburos-combustibles-naftaflex\\\/\"]}]},{\"@type\":\"ImageObject\",\"inLanguage\":\"es\",\"@id\":\"https:\\\/\\\/sohimin.com\\\/index.php\\\/producto\\\/manguera-oil-hidrocarburos-combustibles-naftaflex\\\/#primaryimage\",\"url\":\"https:\\\/\\\/sohimin.com\\\/wp-content\\\/uploads\\\/2026\\\/01\\\/manguera-thor.png\",\"contentUrl\":\"https:\\\/\\\/sohimin.com\\\/wp-content\\\/uploads\\\/2026\\\/01\\\/manguera-thor.png\",\"width\":594,\"height\":301},{\"@type\":\"BreadcrumbList\",\"@id\":\"https:\\\/\\\/sohimin.com\\\/index.php\\\/producto\\\/manguera-oil-hidrocarburos-combustibles-naftaflex\\\/#breadcrumb\",\"itemListElement\":[{\"@type\":\"ListItem\",\"position\":1,\"name\":\"Portada\",\"item\":\"https:\\\/\\\/sohimin.com\\\/\"},{\"@type\":\"ListItem\",\"position\":2,\"name\":\"Tienda\",\"item\":\"https:\\\/\\\/sohimin.com\\\/index.php\\\/tienda\\\/\"},{\"@type\":\"ListItem\",\"position\":3,\"name\":\"Manguera corrugada para Oil &#8211; Combustible\"}]},{\"@type\":\"WebSite\",\"@id\":\"https:\\\/\\\/sohimin.com\\\/#website\",\"url\":\"https:\\\/\\\/sohimin.com\\\/\",\"name\":\"Sohimin EIRL\",\"description\":\"Sohimin EIRL\",\"publisher\":{\"@id\":\"https:\\\/\\\/sohimin.com\\\/#organization\"},\"potentialAction\":[{\"@type\":\"SearchAction\",\"target\":{\"@type\":\"EntryPoint\",\"urlTemplate\":\"https:\\\/\\\/sohimin.com\\\/?s={search_term_string}\"},\"query-input\":{\"@type\":\"PropertyValueSpecification\",\"valueRequired\":true,\"valueName\":\"search_term_string\"}}],\"inLanguage\":\"es\"},{\"@type\":\"Organization\",\"@id\":\"https:\\\/\\\/sohimin.com\\\/#organization\",\"name\":\"Sohimin EIRL\",\"alternateName\":\"Sohimin EIRL\",\"url\":\"https:\\\/\\\/sohimin.com\\\/\",\"logo\":{\"@type\":\"ImageObject\",\"inLanguage\":\"es\",\"@id\":\"https:\\\/\\\/sohimin.com\\\/#\\\/schema\\\/logo\\\/image\\\/\",\"url\":\"https:\\\/\\\/sohimin.com\\\/wp-content\\\/uploads\\\/2022\\\/10\\\/logo.png\",\"contentUrl\":\"https:\\\/\\\/sohimin.com\\\/wp-content\\\/uploads\\\/2022\\\/10\\\/logo.png\",\"width\":280,\"height\":88,\"caption\":\"Sohimin EIRL\"},\"image\":{\"@id\":\"https:\\\/\\\/sohimin.com\\\/#\\\/schema\\\/logo\\\/image\\\/\"}}]}<\/script>\n<!-- \/ Yoast SEO plugin. -->","yoast_head_json":{"title":"Manguera para Oil y Combustibles Naftaflex | Sohimin","description":"Manguera para impulsi\u00f3n y succi\u00f3n de hidrocarburos y combustibles. Resistente a aceites y derivados del petr\u00f3leo. Ideal para trasvase industrial.","robots":{"index":"index","follow":"follow","max-snippet":"max-snippet:-1","max-image-preview":"max-image-preview:large","max-video-preview":"max-video-preview:-1"},"canonical":"https:\/\/sohimin.com\/index.php\/producto\/manguera-oil-hidrocarburos-combustibles-naftaflex\/","og_locale":"es_ES","og_type":"article","og_title":"Manguera para Oil y Combustibles Naftaflex | Sohimin","og_description":"Manguera para impulsi\u00f3n y succi\u00f3n de hidrocarburos y combustibles. Resistente a aceites y derivados del petr\u00f3leo. Ideal para trasvase industrial.","og_url":"https:\/\/sohimin.com\/index.php\/producto\/manguera-oil-hidrocarburos-combustibles-naftaflex\/","og_site_name":"Sohimin EIRL","article_modified_time":"2026-01-06T20:57:49+00:00","og_image":[{"width":594,"height":301,"url":"https:\/\/sohimin.com\/wp-content\/uploads\/2026\/01\/manguera-thor.png","type":"image\/png"}],"twitter_card":"summary_large_image","twitter_misc":{"Tiempo de lectura":"1 minuto"},"schema":{"@context":"https:\/\/schema.org","@graph":[{"@type":"WebPage","@id":"https:\/\/sohimin.com\/index.php\/producto\/manguera-oil-hidrocarburos-combustibles-naftaflex\/","url":"https:\/\/sohimin.com\/index.php\/producto\/manguera-oil-hidrocarburos-combustibles-naftaflex\/","name":"Manguera para Oil y Combustibles Naftaflex | Sohimin","isPartOf":{"@id":"https:\/\/sohimin.com\/#website"},"primaryImageOfPage":{"@id":"https:\/\/sohimin.com\/index.php\/producto\/manguera-oil-hidrocarburos-combustibles-naftaflex\/#primaryimage"},"image":{"@id":"https:\/\/sohimin.com\/index.php\/producto\/manguera-oil-hidrocarburos-combustibles-naftaflex\/#primaryimage"},"thumbnailUrl":"https:\/\/sohimin.com\/wp-content\/uploads\/2026\/01\/manguera-thor.png","datePublished":"2026-01-06T20:53:15+00:00","dateModified":"2026-01-06T20:57:49+00:00","description":"Manguera para impulsi\u00f3n y succi\u00f3n de hidrocarburos y combustibles. Resistente a aceites y derivados del petr\u00f3leo. Ideal para trasvase industrial.","breadcrumb":{"@id":"https:\/\/sohimin.com\/index.php\/producto\/manguera-oil-hidrocarburos-combustibles-naftaflex\/#breadcrumb"},"inLanguage":"es","potentialAction":[{"@type":"ReadAction","target":["https:\/\/sohimin.com\/index.php\/producto\/manguera-oil-hidrocarburos-combustibles-naftaflex\/"]}]},{"@type":"ImageObject","inLanguage":"es","@id":"https:\/\/sohimin.com\/index.php\/producto\/manguera-oil-hidrocarburos-combustibles-naftaflex\/#primaryimage","url":"https:\/\/sohimin.com\/wp-content\/uploads\/2026\/01\/manguera-thor.png","contentUrl":"https:\/\/sohimin.com\/wp-content\/uploads\/2026\/01\/manguera-thor.png","width":594,"height":301},{"@type":"BreadcrumbList","@id":"https:\/\/sohimin.com\/index.php\/producto\/manguera-oil-hidrocarburos-combustibles-naftaflex\/#breadcrumb","itemListElement":[{"@type":"ListItem","position":1,"name":"Portada","item":"https:\/\/sohimin.com\/"},{"@type":"ListItem","position":2,"name":"Tienda","item":"https:\/\/sohimin.com\/index.php\/tienda\/"},{"@type":"ListItem","position":3,"name":"Manguera corrugada para Oil &#8211; Combustible"}]},{"@type":"WebSite","@id":"https:\/\/sohimin.com\/#website","url":"https:\/\/sohimin.com\/","name":"Sohimin EIRL","description":"Sohimin EIRL","publisher":{"@id":"https:\/\/sohimin.com\/#organization"},"potentialAction":[{"@type":"SearchAction","target":{"@type":"EntryPoint","urlTemplate":"https:\/\/sohimin.com\/?s={search_term_string}"},"query-input":{"@type":"PropertyValueSpecification","valueRequired":true,"valueName":"search_term_string"}}],"inLanguage":"es"},{"@type":"Organization","@id":"https:\/\/sohimin.com\/#organization","name":"Sohimin EIRL","alternateName":"Sohimin EIRL","url":"https:\/\/sohimin.com\/","logo":{"@type":"ImageObject","inLanguage":"es","@id":"https:\/\/sohimin.com\/#\/schema\/logo\/image\/","url":"https:\/\/sohimin.com\/wp-content\/uploads\/2022\/10\/logo.png","contentUrl":"https:\/\/sohimin.com\/wp-content\/uploads\/2022\/10\/logo.png","width":280,"height":88,"caption":"Sohimin EIRL"},"image":{"@id":"https:\/\/sohimin.com\/#\/schema\/logo\/image\/"}}]}},"_links":{"self":[{"href":"https:\/\/sohimin.com\/index.php\/wp-json\/wp\/v2\/product\/1808","targetHints":{"allow":["GET"]}}],"collection":[{"href":"https:\/\/sohimin.com\/index.php\/wp-json\/wp\/v2\/product"}],"about":[{"href":"https:\/\/sohimin.com\/index.php\/wp-json\/wp\/v2\/types\/product"}],"wp:featuredmedia":[{"embeddable":true,"href":"https:\/\/sohimin.com\/index.php\/wp-json\/wp\/v2\/media\/1810"}],"wp:attachment":[{"href":"https:\/\/sohimin.com\/index.php\/wp-json\/wp\/v2\/media?parent=1808"}],"wp:term":[{"taxonomy":"product_brand","embeddable":true,"href":"https:\/\/sohimin.com\/index.php\/wp-json\/wp\/v2\/product_brand?post=1808"},{"taxonomy":"product_cat","embeddable":true,"href":"https:\/\/sohimin.com\/index.php\/wp-json\/wp\/v2\/product_cat?post=1808"},{"taxonomy":"product_tag","embeddable":true,"href":"https:\/\/sohimin.com\/index.php\/wp-json\/wp\/v2\/product_tag?post=1808"}],"curies":[{"name":"wp","href":"https:\/\/api.w.org\/{rel}","templated":true}]}}