{"id":270,"date":"2022-10-19T08:44:27","date_gmt":"2022-10-19T08:44:27","guid":{"rendered":"https:\/\/sohimin.com\/?post_type=product&#038;p=270"},"modified":"2022-10-19T08:48:05","modified_gmt":"2022-10-19T08:48:05","slug":"tapones-hembra-y-macho-bsp-con-llave-allen-tapon-magnetcio-con-hexagonal","status":"publish","type":"product","link":"https:\/\/sohimin.com\/index.php\/producto\/tapones-hembra-y-macho-bsp-con-llave-allen-tapon-magnetcio-con-hexagonal\/","title":{"rendered":"Tapones hembra y macho, Bsp con llave Allen, Tap\u00f3n magn\u00e9tcio con Hexagonal"},"content":{"rendered":"<p>Tapones hembra y macho, Bsp con llave Allen, Tap\u00f3n magn\u00e9tcio con Hexagonal<\/p>\n","protected":false},"excerpt":{"rendered":"<p>Tapones hembra y macho, Bsp con llave Allen, Tap\u00f3n magn\u00e9tcio con Hexagonal<\/p>\n","protected":false},"featured_media":271,"template":"","meta":{"_monsterinsights_skip_tracking":false,"_monsterinsights_sitenote_active":false,"_monsterinsights_sitenote_note":"","_monsterinsights_sitenote_category":0,"site-sidebar-layout":"default","site-content-layout":"","ast-site-content-layout":"default","site-content-style":"default","site-sidebar-style":"default","ast-global-header-display":"","ast-banner-title-visibility":"","ast-main-header-display":"","ast-hfb-above-header-display":"","ast-hfb-below-header-display":"","ast-hfb-mobile-header-display":"","site-post-title":"","ast-breadcrumbs-content":"","ast-featured-img":"","footer-sml-layout":"","ast-disable-related-posts":"","theme-transparent-header-meta":"","adv-header-id-meta":"","stick-header-meta":"","header-above-stick-meta":"","header-main-stick-meta":"","header-below-stick-meta":"","astra-migrate-meta-layouts":"default","ast-page-background-enabled":"default","ast-page-background-meta":{"desktop":{"background-color":"var(--ast-global-color-4)","background-image":"","background-repeat":"repeat","background-position":"center center","background-size":"auto","background-attachment":"scroll","background-type":"","background-media":"","overlay-type":"","overlay-color":"","overlay-opacity":"","overlay-gradient":""},"tablet":{"background-color":"","background-image":"","background-repeat":"repeat","background-position":"center center","background-size":"auto","background-attachment":"scroll","background-type":"","background-media":"","overlay-type":"","overlay-color":"","overlay-opacity":"","overlay-gradient":""},"mobile":{"background-color":"","background-image":"","background-repeat":"repeat","background-position":"center center","background-size":"auto","background-attachment":"scroll","background-type":"","background-media":"","overlay-type":"","overlay-color":"","overlay-opacity":"","overlay-gradient":""}},"ast-content-background-meta":{"desktop":{"background-color":"var(--ast-global-color-5)","background-image":"","background-repeat":"repeat","background-position":"center center","background-size":"auto","background-attachment":"scroll","background-type":"","background-media":"","overlay-type":"","overlay-color":"","overlay-opacity":"","overlay-gradient":""},"tablet":{"background-color":"var(--ast-global-color-5)","background-image":"","background-repeat":"repeat","background-position":"center center","background-size":"auto","background-attachment":"scroll","background-type":"","background-media":"","overlay-type":"","overlay-color":"","overlay-opacity":"","overlay-gradient":""},"mobile":{"background-color":"var(--ast-global-color-5)","background-image":"","background-repeat":"repeat","background-position":"center center","background-size":"auto","background-attachment":"scroll","background-type":"","background-media":"","overlay-type":"","overlay-color":"","overlay-opacity":"","overlay-gradient":""}}},"product_brand":[],"product_cat":[28],"product_tag":[56,53,52,58,55,57,60,59,54,51,50],"class_list":{"0":"post-270","1":"product","2":"type-product","3":"status-publish","4":"has-post-thumbnail","6":"product_cat-adaptadores-hidraulicos","7":"product_tag-bsp","8":"product_tag-bushing","9":"product_tag-crucetas","10":"product_tag-jic","11":"product_tag-metricos","12":"product_tag-npt","13":"product_tag-orfs","14":"product_tag-pasamuro","15":"product_tag-reductores","16":"product_tag-tee","17":"product_tag-uniones","18":"desktop-align-left","19":"tablet-align-left","20":"mobile-align-left","22":"first","23":"instock","24":"shipping-taxable","25":"product-type-simple"},"yoast_head":"<!-- This site is optimized with the Yoast SEO plugin v27.3 - https:\/\/yoast.com\/product\/yoast-seo-wordpress\/ -->\n<title>Tapones hembra y macho, Bsp con llave Allen, Tap\u00f3n magn\u00e9tcio con Hexagonal - Sohimin EIRL<\/title>\n<meta name=\"robots\" content=\"index, follow, max-snippet:-1, max-image-preview:large, max-video-preview:-1\" \/>\n<link rel=\"canonical\" href=\"https:\/\/sohimin.com\/index.php\/producto\/tapones-hembra-y-macho-bsp-con-llave-allen-tapon-magnetcio-con-hexagonal\/\" \/>\n<meta property=\"og:locale\" content=\"es_ES\" \/>\n<meta property=\"og:type\" content=\"article\" \/>\n<meta property=\"og:title\" content=\"Tapones hembra y macho, Bsp con llave Allen, Tap\u00f3n magn\u00e9tcio con Hexagonal - Sohimin EIRL\" \/>\n<meta property=\"og:description\" content=\"Tapones hembra y macho, Bsp con llave Allen, Tap\u00f3n magn\u00e9tcio con Hexagonal\" \/>\n<meta property=\"og:url\" content=\"https:\/\/sohimin.com\/index.php\/producto\/tapones-hembra-y-macho-bsp-con-llave-allen-tapon-magnetcio-con-hexagonal\/\" \/>\n<meta property=\"og:site_name\" content=\"Sohimin EIRL\" \/>\n<meta property=\"article:modified_time\" content=\"2022-10-19T08:48:05+00:00\" \/>\n<meta property=\"og:image\" content=\"https:\/\/sohimin.com\/wp-content\/uploads\/2022\/10\/adphid.jpg\" \/>\n\t<meta property=\"og:image:width\" content=\"500\" \/>\n\t<meta property=\"og:image:height\" content=\"500\" \/>\n\t<meta property=\"og:image:type\" content=\"image\/jpeg\" \/>\n<meta name=\"twitter:card\" content=\"summary_large_image\" \/>\n<script type=\"application\/ld+json\" class=\"yoast-schema-graph\">{\"@context\":\"https:\\\/\\\/schema.org\",\"@graph\":[{\"@type\":\"WebPage\",\"@id\":\"https:\\\/\\\/sohimin.com\\\/index.php\\\/producto\\\/tapones-hembra-y-macho-bsp-con-llave-allen-tapon-magnetcio-con-hexagonal\\\/\",\"url\":\"https:\\\/\\\/sohimin.com\\\/index.php\\\/producto\\\/tapones-hembra-y-macho-bsp-con-llave-allen-tapon-magnetcio-con-hexagonal\\\/\",\"name\":\"Tapones hembra y macho, Bsp con llave Allen, Tap\u00f3n magn\u00e9tcio con Hexagonal - Sohimin EIRL\",\"isPartOf\":{\"@id\":\"https:\\\/\\\/sohimin.com\\\/#website\"},\"primaryImageOfPage\":{\"@id\":\"https:\\\/\\\/sohimin.com\\\/index.php\\\/producto\\\/tapones-hembra-y-macho-bsp-con-llave-allen-tapon-magnetcio-con-hexagonal\\\/#primaryimage\"},\"image\":{\"@id\":\"https:\\\/\\\/sohimin.com\\\/index.php\\\/producto\\\/tapones-hembra-y-macho-bsp-con-llave-allen-tapon-magnetcio-con-hexagonal\\\/#primaryimage\"},\"thumbnailUrl\":\"https:\\\/\\\/sohimin.com\\\/wp-content\\\/uploads\\\/2022\\\/10\\\/adphid.jpg\",\"datePublished\":\"2022-10-19T08:44:27+00:00\",\"dateModified\":\"2022-10-19T08:48:05+00:00\",\"breadcrumb\":{\"@id\":\"https:\\\/\\\/sohimin.com\\\/index.php\\\/producto\\\/tapones-hembra-y-macho-bsp-con-llave-allen-tapon-magnetcio-con-hexagonal\\\/#breadcrumb\"},\"inLanguage\":\"es\",\"potentialAction\":[{\"@type\":\"ReadAction\",\"target\":[\"https:\\\/\\\/sohimin.com\\\/index.php\\\/producto\\\/tapones-hembra-y-macho-bsp-con-llave-allen-tapon-magnetcio-con-hexagonal\\\/\"]}]},{\"@type\":\"ImageObject\",\"inLanguage\":\"es\",\"@id\":\"https:\\\/\\\/sohimin.com\\\/index.php\\\/producto\\\/tapones-hembra-y-macho-bsp-con-llave-allen-tapon-magnetcio-con-hexagonal\\\/#primaryimage\",\"url\":\"https:\\\/\\\/sohimin.com\\\/wp-content\\\/uploads\\\/2022\\\/10\\\/adphid.jpg\",\"contentUrl\":\"https:\\\/\\\/sohimin.com\\\/wp-content\\\/uploads\\\/2022\\\/10\\\/adphid.jpg\",\"width\":500,\"height\":500},{\"@type\":\"BreadcrumbList\",\"@id\":\"https:\\\/\\\/sohimin.com\\\/index.php\\\/producto\\\/tapones-hembra-y-macho-bsp-con-llave-allen-tapon-magnetcio-con-hexagonal\\\/#breadcrumb\",\"itemListElement\":[{\"@type\":\"ListItem\",\"position\":1,\"name\":\"Portada\",\"item\":\"https:\\\/\\\/sohimin.com\\\/\"},{\"@type\":\"ListItem\",\"position\":2,\"name\":\"Tienda\",\"item\":\"https:\\\/\\\/sohimin.com\\\/index.php\\\/tienda\\\/\"},{\"@type\":\"ListItem\",\"position\":3,\"name\":\"Tapones hembra y macho, Bsp con llave Allen, Tap\u00f3n magn\u00e9tcio con Hexagonal\"}]},{\"@type\":\"WebSite\",\"@id\":\"https:\\\/\\\/sohimin.com\\\/#website\",\"url\":\"https:\\\/\\\/sohimin.com\\\/\",\"name\":\"Sohimin EIRL\",\"description\":\"Sohimin EIRL\",\"publisher\":{\"@id\":\"https:\\\/\\\/sohimin.com\\\/#organization\"},\"potentialAction\":[{\"@type\":\"SearchAction\",\"target\":{\"@type\":\"EntryPoint\",\"urlTemplate\":\"https:\\\/\\\/sohimin.com\\\/?s={search_term_string}\"},\"query-input\":{\"@type\":\"PropertyValueSpecification\",\"valueRequired\":true,\"valueName\":\"search_term_string\"}}],\"inLanguage\":\"es\"},{\"@type\":\"Organization\",\"@id\":\"https:\\\/\\\/sohimin.com\\\/#organization\",\"name\":\"Sohimin EIRL\",\"alternateName\":\"Sohimin EIRL\",\"url\":\"https:\\\/\\\/sohimin.com\\\/\",\"logo\":{\"@type\":\"ImageObject\",\"inLanguage\":\"es\",\"@id\":\"https:\\\/\\\/sohimin.com\\\/#\\\/schema\\\/logo\\\/image\\\/\",\"url\":\"https:\\\/\\\/sohimin.com\\\/wp-content\\\/uploads\\\/2022\\\/10\\\/logo.png\",\"contentUrl\":\"https:\\\/\\\/sohimin.com\\\/wp-content\\\/uploads\\\/2022\\\/10\\\/logo.png\",\"width\":280,\"height\":88,\"caption\":\"Sohimin EIRL\"},\"image\":{\"@id\":\"https:\\\/\\\/sohimin.com\\\/#\\\/schema\\\/logo\\\/image\\\/\"}}]}<\/script>\n<!-- \/ Yoast SEO plugin. -->","yoast_head_json":{"title":"Tapones hembra y macho, Bsp con llave Allen, Tap\u00f3n magn\u00e9tcio con Hexagonal - Sohimin EIRL","robots":{"index":"index","follow":"follow","max-snippet":"max-snippet:-1","max-image-preview":"max-image-preview:large","max-video-preview":"max-video-preview:-1"},"canonical":"https:\/\/sohimin.com\/index.php\/producto\/tapones-hembra-y-macho-bsp-con-llave-allen-tapon-magnetcio-con-hexagonal\/","og_locale":"es_ES","og_type":"article","og_title":"Tapones hembra y macho, Bsp con llave Allen, Tap\u00f3n magn\u00e9tcio con Hexagonal - Sohimin EIRL","og_description":"Tapones hembra y macho, Bsp con llave Allen, Tap\u00f3n magn\u00e9tcio con Hexagonal","og_url":"https:\/\/sohimin.com\/index.php\/producto\/tapones-hembra-y-macho-bsp-con-llave-allen-tapon-magnetcio-con-hexagonal\/","og_site_name":"Sohimin EIRL","article_modified_time":"2022-10-19T08:48:05+00:00","og_image":[{"width":500,"height":500,"url":"https:\/\/sohimin.com\/wp-content\/uploads\/2022\/10\/adphid.jpg","type":"image\/jpeg"}],"twitter_card":"summary_large_image","schema":{"@context":"https:\/\/schema.org","@graph":[{"@type":"WebPage","@id":"https:\/\/sohimin.com\/index.php\/producto\/tapones-hembra-y-macho-bsp-con-llave-allen-tapon-magnetcio-con-hexagonal\/","url":"https:\/\/sohimin.com\/index.php\/producto\/tapones-hembra-y-macho-bsp-con-llave-allen-tapon-magnetcio-con-hexagonal\/","name":"Tapones hembra y macho, Bsp con llave Allen, Tap\u00f3n magn\u00e9tcio con Hexagonal - Sohimin EIRL","isPartOf":{"@id":"https:\/\/sohimin.com\/#website"},"primaryImageOfPage":{"@id":"https:\/\/sohimin.com\/index.php\/producto\/tapones-hembra-y-macho-bsp-con-llave-allen-tapon-magnetcio-con-hexagonal\/#primaryimage"},"image":{"@id":"https:\/\/sohimin.com\/index.php\/producto\/tapones-hembra-y-macho-bsp-con-llave-allen-tapon-magnetcio-con-hexagonal\/#primaryimage"},"thumbnailUrl":"https:\/\/sohimin.com\/wp-content\/uploads\/2022\/10\/adphid.jpg","datePublished":"2022-10-19T08:44:27+00:00","dateModified":"2022-10-19T08:48:05+00:00","breadcrumb":{"@id":"https:\/\/sohimin.com\/index.php\/producto\/tapones-hembra-y-macho-bsp-con-llave-allen-tapon-magnetcio-con-hexagonal\/#breadcrumb"},"inLanguage":"es","potentialAction":[{"@type":"ReadAction","target":["https:\/\/sohimin.com\/index.php\/producto\/tapones-hembra-y-macho-bsp-con-llave-allen-tapon-magnetcio-con-hexagonal\/"]}]},{"@type":"ImageObject","inLanguage":"es","@id":"https:\/\/sohimin.com\/index.php\/producto\/tapones-hembra-y-macho-bsp-con-llave-allen-tapon-magnetcio-con-hexagonal\/#primaryimage","url":"https:\/\/sohimin.com\/wp-content\/uploads\/2022\/10\/adphid.jpg","contentUrl":"https:\/\/sohimin.com\/wp-content\/uploads\/2022\/10\/adphid.jpg","width":500,"height":500},{"@type":"BreadcrumbList","@id":"https:\/\/sohimin.com\/index.php\/producto\/tapones-hembra-y-macho-bsp-con-llave-allen-tapon-magnetcio-con-hexagonal\/#breadcrumb","itemListElement":[{"@type":"ListItem","position":1,"name":"Portada","item":"https:\/\/sohimin.com\/"},{"@type":"ListItem","position":2,"name":"Tienda","item":"https:\/\/sohimin.com\/index.php\/tienda\/"},{"@type":"ListItem","position":3,"name":"Tapones hembra y macho, Bsp con llave Allen, Tap\u00f3n magn\u00e9tcio con Hexagonal"}]},{"@type":"WebSite","@id":"https:\/\/sohimin.com\/#website","url":"https:\/\/sohimin.com\/","name":"Sohimin EIRL","description":"Sohimin EIRL","publisher":{"@id":"https:\/\/sohimin.com\/#organization"},"potentialAction":[{"@type":"SearchAction","target":{"@type":"EntryPoint","urlTemplate":"https:\/\/sohimin.com\/?s={search_term_string}"},"query-input":{"@type":"PropertyValueSpecification","valueRequired":true,"valueName":"search_term_string"}}],"inLanguage":"es"},{"@type":"Organization","@id":"https:\/\/sohimin.com\/#organization","name":"Sohimin EIRL","alternateName":"Sohimin EIRL","url":"https:\/\/sohimin.com\/","logo":{"@type":"ImageObject","inLanguage":"es","@id":"https:\/\/sohimin.com\/#\/schema\/logo\/image\/","url":"https:\/\/sohimin.com\/wp-content\/uploads\/2022\/10\/logo.png","contentUrl":"https:\/\/sohimin.com\/wp-content\/uploads\/2022\/10\/logo.png","width":280,"height":88,"caption":"Sohimin EIRL"},"image":{"@id":"https:\/\/sohimin.com\/#\/schema\/logo\/image\/"}}]}},"_links":{"self":[{"href":"https:\/\/sohimin.com\/index.php\/wp-json\/wp\/v2\/product\/270","targetHints":{"allow":["GET"]}}],"collection":[{"href":"https:\/\/sohimin.com\/index.php\/wp-json\/wp\/v2\/product"}],"about":[{"href":"https:\/\/sohimin.com\/index.php\/wp-json\/wp\/v2\/types\/product"}],"wp:featuredmedia":[{"embeddable":true,"href":"https:\/\/sohimin.com\/index.php\/wp-json\/wp\/v2\/media\/271"}],"wp:attachment":[{"href":"https:\/\/sohimin.com\/index.php\/wp-json\/wp\/v2\/media?parent=270"}],"wp:term":[{"taxonomy":"product_brand","embeddable":true,"href":"https:\/\/sohimin.com\/index.php\/wp-json\/wp\/v2\/product_brand?post=270"},{"taxonomy":"product_cat","embeddable":true,"href":"https:\/\/sohimin.com\/index.php\/wp-json\/wp\/v2\/product_cat?post=270"},{"taxonomy":"product_tag","embeddable":true,"href":"https:\/\/sohimin.com\/index.php\/wp-json\/wp\/v2\/product_tag?post=270"}],"curies":[{"name":"wp","href":"https:\/\/api.w.org\/{rel}","templated":true}]}}