{"id":278,"date":"2022-10-19T08:58:51","date_gmt":"2022-10-19T08:58:51","guid":{"rendered":"https:\/\/sohimin.com\/?post_type=product&#038;p=278"},"modified":"2022-10-19T09:01:16","modified_gmt":"2022-10-19T09:01:16","slug":"valvulas-hidraulicas","status":"publish","type":"product","link":"https:\/\/sohimin.com\/index.php\/producto\/valvulas-hidraulicas\/","title":{"rendered":"V\u00e1lvulas hidr\u00e1ulicas"},"content":{"rendered":"<p>V\u00e1lvulas hidr\u00e1ulicas<\/p>\n","protected":false},"excerpt":{"rendered":"<p>V\u00e1lvulas hidr\u00e1ulicas<\/p>\n","protected":false},"featured_media":279,"template":"","meta":{"_monsterinsights_skip_tracking":false,"_monsterinsights_sitenote_active":false,"_monsterinsights_sitenote_note":"","_monsterinsights_sitenote_category":0,"site-sidebar-layout":"default","site-content-layout":"","ast-site-content-layout":"default","site-content-style":"default","site-sidebar-style":"default","ast-global-header-display":"","ast-banner-title-visibility":"","ast-main-header-display":"","ast-hfb-above-header-display":"","ast-hfb-below-header-display":"","ast-hfb-mobile-header-display":"","site-post-title":"","ast-breadcrumbs-content":"","ast-featured-img":"","footer-sml-layout":"","ast-disable-related-posts":"","theme-transparent-header-meta":"","adv-header-id-meta":"","stick-header-meta":"","header-above-stick-meta":"","header-main-stick-meta":"","header-below-stick-meta":"","astra-migrate-meta-layouts":"default","ast-page-background-enabled":"default","ast-page-background-meta":{"desktop":{"background-color":"var(--ast-global-color-4)","background-image":"","background-repeat":"repeat","background-position":"center center","background-size":"auto","background-attachment":"scroll","background-type":"","background-media":"","overlay-type":"","overlay-color":"","overlay-opacity":"","overlay-gradient":""},"tablet":{"background-color":"","background-image":"","background-repeat":"repeat","background-position":"center center","background-size":"auto","background-attachment":"scroll","background-type":"","background-media":"","overlay-type":"","overlay-color":"","overlay-opacity":"","overlay-gradient":""},"mobile":{"background-color":"","background-image":"","background-repeat":"repeat","background-position":"center center","background-size":"auto","background-attachment":"scroll","background-type":"","background-media":"","overlay-type":"","overlay-color":"","overlay-opacity":"","overlay-gradient":""}},"ast-content-background-meta":{"desktop":{"background-color":"var(--ast-global-color-5)","background-image":"","background-repeat":"repeat","background-position":"center center","background-size":"auto","background-attachment":"scroll","background-type":"","background-media":"","overlay-type":"","overlay-color":"","overlay-opacity":"","overlay-gradient":""},"tablet":{"background-color":"var(--ast-global-color-5)","background-image":"","background-repeat":"repeat","background-position":"center center","background-size":"auto","background-attachment":"scroll","background-type":"","background-media":"","overlay-type":"","overlay-color":"","overlay-opacity":"","overlay-gradient":""},"mobile":{"background-color":"var(--ast-global-color-5)","background-image":"","background-repeat":"repeat","background-position":"center center","background-size":"auto","background-attachment":"scroll","background-type":"","background-media":"","overlay-type":"","overlay-color":"","overlay-opacity":"","overlay-gradient":""}}},"product_brand":[],"product_cat":[29],"product_tag":[64,62,65],"class_list":{"0":"post-278","1":"product","2":"type-product","3":"status-publish","4":"has-post-thumbnail","6":"product_cat-acoples-rapidos","7":"product_tag-acoples","8":"product_tag-acoples-rapidos","9":"product_tag-valvulas-hidraulicas","10":"desktop-align-left","11":"tablet-align-left","12":"mobile-align-left","14":"first","15":"instock","16":"shipping-taxable","17":"product-type-simple"},"yoast_head":"<!-- This site is optimized with the Yoast SEO plugin v27.3 - https:\/\/yoast.com\/product\/yoast-seo-wordpress\/ -->\n<title>V\u00e1lvulas hidr\u00e1ulicas - Sohimin EIRL<\/title>\n<meta name=\"robots\" content=\"index, follow, max-snippet:-1, max-image-preview:large, max-video-preview:-1\" \/>\n<link rel=\"canonical\" href=\"https:\/\/sohimin.com\/index.php\/producto\/valvulas-hidraulicas\/\" \/>\n<meta property=\"og:locale\" content=\"es_ES\" \/>\n<meta property=\"og:type\" content=\"article\" \/>\n<meta property=\"og:title\" content=\"V\u00e1lvulas hidr\u00e1ulicas - Sohimin EIRL\" \/>\n<meta property=\"og:description\" content=\"V\u00e1lvulas hidr\u00e1ulicas\" \/>\n<meta property=\"og:url\" content=\"https:\/\/sohimin.com\/index.php\/producto\/valvulas-hidraulicas\/\" \/>\n<meta property=\"og:site_name\" content=\"Sohimin EIRL\" \/>\n<meta property=\"article:modified_time\" content=\"2022-10-19T09:01:16+00:00\" \/>\n<meta property=\"og:image\" content=\"https:\/\/sohimin.com\/wp-content\/uploads\/2022\/10\/Valvulas-hidraulicas.jpg\" \/>\n\t<meta property=\"og:image:width\" content=\"500\" \/>\n\t<meta property=\"og:image:height\" content=\"500\" \/>\n\t<meta property=\"og:image:type\" content=\"image\/jpeg\" \/>\n<meta name=\"twitter:card\" content=\"summary_large_image\" \/>\n<script type=\"application\/ld+json\" class=\"yoast-schema-graph\">{\"@context\":\"https:\\\/\\\/schema.org\",\"@graph\":[{\"@type\":\"WebPage\",\"@id\":\"https:\\\/\\\/sohimin.com\\\/index.php\\\/producto\\\/valvulas-hidraulicas\\\/\",\"url\":\"https:\\\/\\\/sohimin.com\\\/index.php\\\/producto\\\/valvulas-hidraulicas\\\/\",\"name\":\"V\u00e1lvulas hidr\u00e1ulicas - Sohimin EIRL\",\"isPartOf\":{\"@id\":\"https:\\\/\\\/sohimin.com\\\/#website\"},\"primaryImageOfPage\":{\"@id\":\"https:\\\/\\\/sohimin.com\\\/index.php\\\/producto\\\/valvulas-hidraulicas\\\/#primaryimage\"},\"image\":{\"@id\":\"https:\\\/\\\/sohimin.com\\\/index.php\\\/producto\\\/valvulas-hidraulicas\\\/#primaryimage\"},\"thumbnailUrl\":\"https:\\\/\\\/sohimin.com\\\/wp-content\\\/uploads\\\/2022\\\/10\\\/Valvulas-hidraulicas.jpg\",\"datePublished\":\"2022-10-19T08:58:51+00:00\",\"dateModified\":\"2022-10-19T09:01:16+00:00\",\"breadcrumb\":{\"@id\":\"https:\\\/\\\/sohimin.com\\\/index.php\\\/producto\\\/valvulas-hidraulicas\\\/#breadcrumb\"},\"inLanguage\":\"es\",\"potentialAction\":[{\"@type\":\"ReadAction\",\"target\":[\"https:\\\/\\\/sohimin.com\\\/index.php\\\/producto\\\/valvulas-hidraulicas\\\/\"]}]},{\"@type\":\"ImageObject\",\"inLanguage\":\"es\",\"@id\":\"https:\\\/\\\/sohimin.com\\\/index.php\\\/producto\\\/valvulas-hidraulicas\\\/#primaryimage\",\"url\":\"https:\\\/\\\/sohimin.com\\\/wp-content\\\/uploads\\\/2022\\\/10\\\/Valvulas-hidraulicas.jpg\",\"contentUrl\":\"https:\\\/\\\/sohimin.com\\\/wp-content\\\/uploads\\\/2022\\\/10\\\/Valvulas-hidraulicas.jpg\",\"width\":500,\"height\":500},{\"@type\":\"BreadcrumbList\",\"@id\":\"https:\\\/\\\/sohimin.com\\\/index.php\\\/producto\\\/valvulas-hidraulicas\\\/#breadcrumb\",\"itemListElement\":[{\"@type\":\"ListItem\",\"position\":1,\"name\":\"Portada\",\"item\":\"https:\\\/\\\/sohimin.com\\\/\"},{\"@type\":\"ListItem\",\"position\":2,\"name\":\"Tienda\",\"item\":\"https:\\\/\\\/sohimin.com\\\/index.php\\\/tienda\\\/\"},{\"@type\":\"ListItem\",\"position\":3,\"name\":\"V\u00e1lvulas hidr\u00e1ulicas\"}]},{\"@type\":\"WebSite\",\"@id\":\"https:\\\/\\\/sohimin.com\\\/#website\",\"url\":\"https:\\\/\\\/sohimin.com\\\/\",\"name\":\"Sohimin EIRL\",\"description\":\"Sohimin EIRL\",\"publisher\":{\"@id\":\"https:\\\/\\\/sohimin.com\\\/#organization\"},\"potentialAction\":[{\"@type\":\"SearchAction\",\"target\":{\"@type\":\"EntryPoint\",\"urlTemplate\":\"https:\\\/\\\/sohimin.com\\\/?s={search_term_string}\"},\"query-input\":{\"@type\":\"PropertyValueSpecification\",\"valueRequired\":true,\"valueName\":\"search_term_string\"}}],\"inLanguage\":\"es\"},{\"@type\":\"Organization\",\"@id\":\"https:\\\/\\\/sohimin.com\\\/#organization\",\"name\":\"Sohimin EIRL\",\"alternateName\":\"Sohimin EIRL\",\"url\":\"https:\\\/\\\/sohimin.com\\\/\",\"logo\":{\"@type\":\"ImageObject\",\"inLanguage\":\"es\",\"@id\":\"https:\\\/\\\/sohimin.com\\\/#\\\/schema\\\/logo\\\/image\\\/\",\"url\":\"https:\\\/\\\/sohimin.com\\\/wp-content\\\/uploads\\\/2022\\\/10\\\/logo.png\",\"contentUrl\":\"https:\\\/\\\/sohimin.com\\\/wp-content\\\/uploads\\\/2022\\\/10\\\/logo.png\",\"width\":280,\"height\":88,\"caption\":\"Sohimin EIRL\"},\"image\":{\"@id\":\"https:\\\/\\\/sohimin.com\\\/#\\\/schema\\\/logo\\\/image\\\/\"}}]}<\/script>\n<!-- \/ Yoast SEO plugin. -->","yoast_head_json":{"title":"V\u00e1lvulas hidr\u00e1ulicas - Sohimin EIRL","robots":{"index":"index","follow":"follow","max-snippet":"max-snippet:-1","max-image-preview":"max-image-preview:large","max-video-preview":"max-video-preview:-1"},"canonical":"https:\/\/sohimin.com\/index.php\/producto\/valvulas-hidraulicas\/","og_locale":"es_ES","og_type":"article","og_title":"V\u00e1lvulas hidr\u00e1ulicas - Sohimin EIRL","og_description":"V\u00e1lvulas hidr\u00e1ulicas","og_url":"https:\/\/sohimin.com\/index.php\/producto\/valvulas-hidraulicas\/","og_site_name":"Sohimin EIRL","article_modified_time":"2022-10-19T09:01:16+00:00","og_image":[{"width":500,"height":500,"url":"https:\/\/sohimin.com\/wp-content\/uploads\/2022\/10\/Valvulas-hidraulicas.jpg","type":"image\/jpeg"}],"twitter_card":"summary_large_image","schema":{"@context":"https:\/\/schema.org","@graph":[{"@type":"WebPage","@id":"https:\/\/sohimin.com\/index.php\/producto\/valvulas-hidraulicas\/","url":"https:\/\/sohimin.com\/index.php\/producto\/valvulas-hidraulicas\/","name":"V\u00e1lvulas hidr\u00e1ulicas - Sohimin EIRL","isPartOf":{"@id":"https:\/\/sohimin.com\/#website"},"primaryImageOfPage":{"@id":"https:\/\/sohimin.com\/index.php\/producto\/valvulas-hidraulicas\/#primaryimage"},"image":{"@id":"https:\/\/sohimin.com\/index.php\/producto\/valvulas-hidraulicas\/#primaryimage"},"thumbnailUrl":"https:\/\/sohimin.com\/wp-content\/uploads\/2022\/10\/Valvulas-hidraulicas.jpg","datePublished":"2022-10-19T08:58:51+00:00","dateModified":"2022-10-19T09:01:16+00:00","breadcrumb":{"@id":"https:\/\/sohimin.com\/index.php\/producto\/valvulas-hidraulicas\/#breadcrumb"},"inLanguage":"es","potentialAction":[{"@type":"ReadAction","target":["https:\/\/sohimin.com\/index.php\/producto\/valvulas-hidraulicas\/"]}]},{"@type":"ImageObject","inLanguage":"es","@id":"https:\/\/sohimin.com\/index.php\/producto\/valvulas-hidraulicas\/#primaryimage","url":"https:\/\/sohimin.com\/wp-content\/uploads\/2022\/10\/Valvulas-hidraulicas.jpg","contentUrl":"https:\/\/sohimin.com\/wp-content\/uploads\/2022\/10\/Valvulas-hidraulicas.jpg","width":500,"height":500},{"@type":"BreadcrumbList","@id":"https:\/\/sohimin.com\/index.php\/producto\/valvulas-hidraulicas\/#breadcrumb","itemListElement":[{"@type":"ListItem","position":1,"name":"Portada","item":"https:\/\/sohimin.com\/"},{"@type":"ListItem","position":2,"name":"Tienda","item":"https:\/\/sohimin.com\/index.php\/tienda\/"},{"@type":"ListItem","position":3,"name":"V\u00e1lvulas hidr\u00e1ulicas"}]},{"@type":"WebSite","@id":"https:\/\/sohimin.com\/#website","url":"https:\/\/sohimin.com\/","name":"Sohimin EIRL","description":"Sohimin EIRL","publisher":{"@id":"https:\/\/sohimin.com\/#organization"},"potentialAction":[{"@type":"SearchAction","target":{"@type":"EntryPoint","urlTemplate":"https:\/\/sohimin.com\/?s={search_term_string}"},"query-input":{"@type":"PropertyValueSpecification","valueRequired":true,"valueName":"search_term_string"}}],"inLanguage":"es"},{"@type":"Organization","@id":"https:\/\/sohimin.com\/#organization","name":"Sohimin EIRL","alternateName":"Sohimin EIRL","url":"https:\/\/sohimin.com\/","logo":{"@type":"ImageObject","inLanguage":"es","@id":"https:\/\/sohimin.com\/#\/schema\/logo\/image\/","url":"https:\/\/sohimin.com\/wp-content\/uploads\/2022\/10\/logo.png","contentUrl":"https:\/\/sohimin.com\/wp-content\/uploads\/2022\/10\/logo.png","width":280,"height":88,"caption":"Sohimin EIRL"},"image":{"@id":"https:\/\/sohimin.com\/#\/schema\/logo\/image\/"}}]}},"_links":{"self":[{"href":"https:\/\/sohimin.com\/index.php\/wp-json\/wp\/v2\/product\/278","targetHints":{"allow":["GET"]}}],"collection":[{"href":"https:\/\/sohimin.com\/index.php\/wp-json\/wp\/v2\/product"}],"about":[{"href":"https:\/\/sohimin.com\/index.php\/wp-json\/wp\/v2\/types\/product"}],"wp:featuredmedia":[{"embeddable":true,"href":"https:\/\/sohimin.com\/index.php\/wp-json\/wp\/v2\/media\/279"}],"wp:attachment":[{"href":"https:\/\/sohimin.com\/index.php\/wp-json\/wp\/v2\/media?parent=278"}],"wp:term":[{"taxonomy":"product_brand","embeddable":true,"href":"https:\/\/sohimin.com\/index.php\/wp-json\/wp\/v2\/product_brand?post=278"},{"taxonomy":"product_cat","embeddable":true,"href":"https:\/\/sohimin.com\/index.php\/wp-json\/wp\/v2\/product_cat?post=278"},{"taxonomy":"product_tag","embeddable":true,"href":"https:\/\/sohimin.com\/index.php\/wp-json\/wp\/v2\/product_tag?post=278"}],"curies":[{"name":"wp","href":"https:\/\/api.w.org\/{rel}","templated":true}]}}