{"id":322,"date":"2022-10-19T14:25:02","date_gmt":"2022-10-19T14:25:02","guid":{"rendered":"https:\/\/sohimin.com\/?post_type=product&#038;p=322"},"modified":"2026-01-06T21:16:03","modified_gmt":"2026-01-06T21:16:03","slug":"protectores-espirales-mangueras-hidraulicas","status":"publish","type":"product","link":"https:\/\/sohimin.com\/index.php\/producto\/protectores-espirales-mangueras-hidraulicas\/","title":{"rendered":"Protectores para mangueras"},"content":{"rendered":"<p>Protectores <strong data-start=\"361\" data-end=\"374\">espirales de\u00a0 PVC<\/strong> dise\u00f1ados para <strong data-start=\"390\" data-end=\"415\">mangueras hidr\u00e1ulicas<\/strong>, que se <strong data-start=\"424\" data-end=\"467\">enrollan directamente sobre la manguera<\/strong> para protegerla contra <strong data-start=\"491\" data-end=\"539\">abrasi\u00f3n, rozamiento, golpes y aplastamiento<\/strong>.<br data-start=\"540\" data-end=\"543\" \/>Fabricados en material flexible y de alta resistencia, permiten una instalaci\u00f3n r\u00e1pida sin necesidad de desmontar la manguera, prolongando su vida \u00fatil y mejorando la seguridad en operaci\u00f3n.<\/p>\n<p>Disponibles en <strong data-start=\"750\" data-end=\"780\">diversas medidas y colores<\/strong>, se adaptan a distintos di\u00e1metros de mangueras hidr\u00e1ulicas utilizadas en <strong data-start=\"854\" data-end=\"910\">miner\u00eda, maquinaria pesada, industria y construcci\u00f3n<\/strong>.<\/p>\n","protected":false},"excerpt":{"rendered":"<p>Protectores espirales de\u00a0 PVC dise\u00f1ados para mangueras hidr\u00e1ulicas, que se enrollan directamente sobre la manguera para protegerla contra abrasi\u00f3n, rozamiento, golpes y aplastamiento.Fabricados en material flexible y de alta resistencia, permiten una instalaci\u00f3n r\u00e1pida sin necesidad de desmontar la manguera, prolongando su vida \u00fatil y mejorando la seguridad en operaci\u00f3n. Disponibles en diversas medidas y [&hellip;]<\/p>\n","protected":false},"featured_media":323,"template":"","meta":{"_monsterinsights_skip_tracking":false,"_monsterinsights_sitenote_active":false,"_monsterinsights_sitenote_note":"","_monsterinsights_sitenote_category":0,"site-sidebar-layout":"default","site-content-layout":"","ast-site-content-layout":"default","site-content-style":"default","site-sidebar-style":"default","ast-global-header-display":"","ast-banner-title-visibility":"","ast-main-header-display":"","ast-hfb-above-header-display":"","ast-hfb-below-header-display":"","ast-hfb-mobile-header-display":"","site-post-title":"","ast-breadcrumbs-content":"","ast-featured-img":"","footer-sml-layout":"","ast-disable-related-posts":"","theme-transparent-header-meta":"default","adv-header-id-meta":"","stick-header-meta":"","header-above-stick-meta":"","header-main-stick-meta":"","header-below-stick-meta":"","astra-migrate-meta-layouts":"set","ast-page-background-enabled":"default","ast-page-background-meta":{"desktop":{"background-color":"var(--ast-global-color-4)","background-image":"","background-repeat":"repeat","background-position":"center center","background-size":"auto","background-attachment":"scroll","background-type":"","background-media":"","overlay-type":"","overlay-color":"","overlay-opacity":"","overlay-gradient":""},"tablet":{"background-color":"","background-image":"","background-repeat":"repeat","background-position":"center center","background-size":"auto","background-attachment":"scroll","background-type":"","background-media":"","overlay-type":"","overlay-color":"","overlay-opacity":"","overlay-gradient":""},"mobile":{"background-color":"","background-image":"","background-repeat":"repeat","background-position":"center center","background-size":"auto","background-attachment":"scroll","background-type":"","background-media":"","overlay-type":"","overlay-color":"","overlay-opacity":"","overlay-gradient":""}},"ast-content-background-meta":{"desktop":{"background-color":"var(--ast-global-color-5)","background-image":"","background-repeat":"repeat","background-position":"center center","background-size":"auto","background-attachment":"scroll","background-type":"","background-media":"","overlay-type":"","overlay-color":"","overlay-opacity":"","overlay-gradient":""},"tablet":{"background-color":"var(--ast-global-color-5)","background-image":"","background-repeat":"repeat","background-position":"center center","background-size":"auto","background-attachment":"scroll","background-type":"","background-media":"","overlay-type":"","overlay-color":"","overlay-opacity":"","overlay-gradient":""},"mobile":{"background-color":"var(--ast-global-color-5)","background-image":"","background-repeat":"repeat","background-position":"center center","background-size":"auto","background-attachment":"scroll","background-type":"","background-media":"","overlay-type":"","overlay-color":"","overlay-opacity":"","overlay-gradient":""}}},"product_brand":[],"product_cat":[34],"product_tag":[115,114,113],"class_list":{"0":"post-322","1":"product","2":"type-product","3":"status-publish","4":"has-post-thumbnail","6":"product_cat-seguridad","7":"product_tag-protectores-de-polietileno","8":"product_tag-protectores-de-pvc","9":"product_tag-seguridad","10":"desktop-align-left","11":"tablet-align-left","12":"mobile-align-left","14":"first","15":"instock","16":"shipping-taxable","17":"product-type-simple"},"yoast_head":"<!-- This site is optimized with the Yoast SEO plugin v27.3 - https:\/\/yoast.com\/product\/yoast-seo-wordpress\/ -->\n<title>Protectores para Mangueras Hidr\u00e1ulicas | Sohimin<\/title>\n<meta name=\"description\" content=\"Protectores espirales de PVC para mangueras hidr\u00e1ulicas. Se enrollan sobre la manguera y protegen contra abrasi\u00f3n y golpes. Varias medidas.\" \/>\n<meta name=\"robots\" content=\"index, follow, max-snippet:-1, max-image-preview:large, max-video-preview:-1\" \/>\n<link rel=\"canonical\" href=\"https:\/\/sohimin.com\/index.php\/producto\/protectores-espirales-mangueras-hidraulicas\/\" \/>\n<meta property=\"og:locale\" content=\"es_ES\" \/>\n<meta property=\"og:type\" content=\"article\" \/>\n<meta property=\"og:title\" content=\"Protectores para Mangueras Hidr\u00e1ulicas | Sohimin\" \/>\n<meta property=\"og:description\" content=\"Protectores espirales de PVC para mangueras hidr\u00e1ulicas. Se enrollan sobre la manguera y protegen contra abrasi\u00f3n y golpes. Varias medidas.\" \/>\n<meta property=\"og:url\" content=\"https:\/\/sohimin.com\/index.php\/producto\/protectores-espirales-mangueras-hidraulicas\/\" \/>\n<meta property=\"og:site_name\" content=\"Sohimin EIRL\" \/>\n<meta property=\"article:modified_time\" content=\"2026-01-06T21:16:03+00:00\" \/>\n<meta property=\"og:image\" content=\"https:\/\/sohimin.com\/wp-content\/uploads\/2022\/10\/Protectores-de-pvc-o-polietileno.jpg\" \/>\n\t<meta property=\"og:image:width\" content=\"500\" \/>\n\t<meta property=\"og:image:height\" content=\"500\" \/>\n\t<meta property=\"og:image:type\" content=\"image\/jpeg\" \/>\n<meta name=\"twitter:card\" content=\"summary_large_image\" \/>\n<meta name=\"twitter:label1\" content=\"Tiempo de lectura\" \/>\n\t<meta name=\"twitter:data1\" content=\"1 minuto\" \/>\n<script type=\"application\/ld+json\" class=\"yoast-schema-graph\">{\"@context\":\"https:\\\/\\\/schema.org\",\"@graph\":[{\"@type\":\"WebPage\",\"@id\":\"https:\\\/\\\/sohimin.com\\\/index.php\\\/producto\\\/protectores-espirales-mangueras-hidraulicas\\\/\",\"url\":\"https:\\\/\\\/sohimin.com\\\/index.php\\\/producto\\\/protectores-espirales-mangueras-hidraulicas\\\/\",\"name\":\"Protectores para Mangueras Hidr\u00e1ulicas | Sohimin\",\"isPartOf\":{\"@id\":\"https:\\\/\\\/sohimin.com\\\/#website\"},\"primaryImageOfPage\":{\"@id\":\"https:\\\/\\\/sohimin.com\\\/index.php\\\/producto\\\/protectores-espirales-mangueras-hidraulicas\\\/#primaryimage\"},\"image\":{\"@id\":\"https:\\\/\\\/sohimin.com\\\/index.php\\\/producto\\\/protectores-espirales-mangueras-hidraulicas\\\/#primaryimage\"},\"thumbnailUrl\":\"https:\\\/\\\/sohimin.com\\\/wp-content\\\/uploads\\\/2022\\\/10\\\/Protectores-de-pvc-o-polietileno.jpg\",\"datePublished\":\"2022-10-19T14:25:02+00:00\",\"dateModified\":\"2026-01-06T21:16:03+00:00\",\"description\":\"Protectores espirales de PVC para mangueras hidr\u00e1ulicas. Se enrollan sobre la manguera y protegen contra abrasi\u00f3n y golpes. Varias medidas.\",\"breadcrumb\":{\"@id\":\"https:\\\/\\\/sohimin.com\\\/index.php\\\/producto\\\/protectores-espirales-mangueras-hidraulicas\\\/#breadcrumb\"},\"inLanguage\":\"es\",\"potentialAction\":[{\"@type\":\"ReadAction\",\"target\":[\"https:\\\/\\\/sohimin.com\\\/index.php\\\/producto\\\/protectores-espirales-mangueras-hidraulicas\\\/\"]}]},{\"@type\":\"ImageObject\",\"inLanguage\":\"es\",\"@id\":\"https:\\\/\\\/sohimin.com\\\/index.php\\\/producto\\\/protectores-espirales-mangueras-hidraulicas\\\/#primaryimage\",\"url\":\"https:\\\/\\\/sohimin.com\\\/wp-content\\\/uploads\\\/2022\\\/10\\\/Protectores-de-pvc-o-polietileno.jpg\",\"contentUrl\":\"https:\\\/\\\/sohimin.com\\\/wp-content\\\/uploads\\\/2022\\\/10\\\/Protectores-de-pvc-o-polietileno.jpg\",\"width\":500,\"height\":500},{\"@type\":\"BreadcrumbList\",\"@id\":\"https:\\\/\\\/sohimin.com\\\/index.php\\\/producto\\\/protectores-espirales-mangueras-hidraulicas\\\/#breadcrumb\",\"itemListElement\":[{\"@type\":\"ListItem\",\"position\":1,\"name\":\"Portada\",\"item\":\"https:\\\/\\\/sohimin.com\\\/\"},{\"@type\":\"ListItem\",\"position\":2,\"name\":\"Tienda\",\"item\":\"https:\\\/\\\/sohimin.com\\\/index.php\\\/tienda\\\/\"},{\"@type\":\"ListItem\",\"position\":3,\"name\":\"Protectores para mangueras\"}]},{\"@type\":\"WebSite\",\"@id\":\"https:\\\/\\\/sohimin.com\\\/#website\",\"url\":\"https:\\\/\\\/sohimin.com\\\/\",\"name\":\"Sohimin EIRL\",\"description\":\"Sohimin EIRL\",\"publisher\":{\"@id\":\"https:\\\/\\\/sohimin.com\\\/#organization\"},\"potentialAction\":[{\"@type\":\"SearchAction\",\"target\":{\"@type\":\"EntryPoint\",\"urlTemplate\":\"https:\\\/\\\/sohimin.com\\\/?s={search_term_string}\"},\"query-input\":{\"@type\":\"PropertyValueSpecification\",\"valueRequired\":true,\"valueName\":\"search_term_string\"}}],\"inLanguage\":\"es\"},{\"@type\":\"Organization\",\"@id\":\"https:\\\/\\\/sohimin.com\\\/#organization\",\"name\":\"Sohimin EIRL\",\"alternateName\":\"Sohimin EIRL\",\"url\":\"https:\\\/\\\/sohimin.com\\\/\",\"logo\":{\"@type\":\"ImageObject\",\"inLanguage\":\"es\",\"@id\":\"https:\\\/\\\/sohimin.com\\\/#\\\/schema\\\/logo\\\/image\\\/\",\"url\":\"https:\\\/\\\/sohimin.com\\\/wp-content\\\/uploads\\\/2022\\\/10\\\/logo.png\",\"contentUrl\":\"https:\\\/\\\/sohimin.com\\\/wp-content\\\/uploads\\\/2022\\\/10\\\/logo.png\",\"width\":280,\"height\":88,\"caption\":\"Sohimin EIRL\"},\"image\":{\"@id\":\"https:\\\/\\\/sohimin.com\\\/#\\\/schema\\\/logo\\\/image\\\/\"}}]}<\/script>\n<!-- \/ Yoast SEO plugin. -->","yoast_head_json":{"title":"Protectores para Mangueras Hidr\u00e1ulicas | Sohimin","description":"Protectores espirales de PVC para mangueras hidr\u00e1ulicas. Se enrollan sobre la manguera y protegen contra abrasi\u00f3n y golpes. Varias medidas.","robots":{"index":"index","follow":"follow","max-snippet":"max-snippet:-1","max-image-preview":"max-image-preview:large","max-video-preview":"max-video-preview:-1"},"canonical":"https:\/\/sohimin.com\/index.php\/producto\/protectores-espirales-mangueras-hidraulicas\/","og_locale":"es_ES","og_type":"article","og_title":"Protectores para Mangueras Hidr\u00e1ulicas | Sohimin","og_description":"Protectores espirales de PVC para mangueras hidr\u00e1ulicas. Se enrollan sobre la manguera y protegen contra abrasi\u00f3n y golpes. Varias medidas.","og_url":"https:\/\/sohimin.com\/index.php\/producto\/protectores-espirales-mangueras-hidraulicas\/","og_site_name":"Sohimin EIRL","article_modified_time":"2026-01-06T21:16:03+00:00","og_image":[{"width":500,"height":500,"url":"https:\/\/sohimin.com\/wp-content\/uploads\/2022\/10\/Protectores-de-pvc-o-polietileno.jpg","type":"image\/jpeg"}],"twitter_card":"summary_large_image","twitter_misc":{"Tiempo de lectura":"1 minuto"},"schema":{"@context":"https:\/\/schema.org","@graph":[{"@type":"WebPage","@id":"https:\/\/sohimin.com\/index.php\/producto\/protectores-espirales-mangueras-hidraulicas\/","url":"https:\/\/sohimin.com\/index.php\/producto\/protectores-espirales-mangueras-hidraulicas\/","name":"Protectores para Mangueras Hidr\u00e1ulicas | Sohimin","isPartOf":{"@id":"https:\/\/sohimin.com\/#website"},"primaryImageOfPage":{"@id":"https:\/\/sohimin.com\/index.php\/producto\/protectores-espirales-mangueras-hidraulicas\/#primaryimage"},"image":{"@id":"https:\/\/sohimin.com\/index.php\/producto\/protectores-espirales-mangueras-hidraulicas\/#primaryimage"},"thumbnailUrl":"https:\/\/sohimin.com\/wp-content\/uploads\/2022\/10\/Protectores-de-pvc-o-polietileno.jpg","datePublished":"2022-10-19T14:25:02+00:00","dateModified":"2026-01-06T21:16:03+00:00","description":"Protectores espirales de PVC para mangueras hidr\u00e1ulicas. Se enrollan sobre la manguera y protegen contra abrasi\u00f3n y golpes. Varias medidas.","breadcrumb":{"@id":"https:\/\/sohimin.com\/index.php\/producto\/protectores-espirales-mangueras-hidraulicas\/#breadcrumb"},"inLanguage":"es","potentialAction":[{"@type":"ReadAction","target":["https:\/\/sohimin.com\/index.php\/producto\/protectores-espirales-mangueras-hidraulicas\/"]}]},{"@type":"ImageObject","inLanguage":"es","@id":"https:\/\/sohimin.com\/index.php\/producto\/protectores-espirales-mangueras-hidraulicas\/#primaryimage","url":"https:\/\/sohimin.com\/wp-content\/uploads\/2022\/10\/Protectores-de-pvc-o-polietileno.jpg","contentUrl":"https:\/\/sohimin.com\/wp-content\/uploads\/2022\/10\/Protectores-de-pvc-o-polietileno.jpg","width":500,"height":500},{"@type":"BreadcrumbList","@id":"https:\/\/sohimin.com\/index.php\/producto\/protectores-espirales-mangueras-hidraulicas\/#breadcrumb","itemListElement":[{"@type":"ListItem","position":1,"name":"Portada","item":"https:\/\/sohimin.com\/"},{"@type":"ListItem","position":2,"name":"Tienda","item":"https:\/\/sohimin.com\/index.php\/tienda\/"},{"@type":"ListItem","position":3,"name":"Protectores para mangueras"}]},{"@type":"WebSite","@id":"https:\/\/sohimin.com\/#website","url":"https:\/\/sohimin.com\/","name":"Sohimin EIRL","description":"Sohimin EIRL","publisher":{"@id":"https:\/\/sohimin.com\/#organization"},"potentialAction":[{"@type":"SearchAction","target":{"@type":"EntryPoint","urlTemplate":"https:\/\/sohimin.com\/?s={search_term_string}"},"query-input":{"@type":"PropertyValueSpecification","valueRequired":true,"valueName":"search_term_string"}}],"inLanguage":"es"},{"@type":"Organization","@id":"https:\/\/sohimin.com\/#organization","name":"Sohimin EIRL","alternateName":"Sohimin EIRL","url":"https:\/\/sohimin.com\/","logo":{"@type":"ImageObject","inLanguage":"es","@id":"https:\/\/sohimin.com\/#\/schema\/logo\/image\/","url":"https:\/\/sohimin.com\/wp-content\/uploads\/2022\/10\/logo.png","contentUrl":"https:\/\/sohimin.com\/wp-content\/uploads\/2022\/10\/logo.png","width":280,"height":88,"caption":"Sohimin EIRL"},"image":{"@id":"https:\/\/sohimin.com\/#\/schema\/logo\/image\/"}}]}},"_links":{"self":[{"href":"https:\/\/sohimin.com\/index.php\/wp-json\/wp\/v2\/product\/322","targetHints":{"allow":["GET"]}}],"collection":[{"href":"https:\/\/sohimin.com\/index.php\/wp-json\/wp\/v2\/product"}],"about":[{"href":"https:\/\/sohimin.com\/index.php\/wp-json\/wp\/v2\/types\/product"}],"wp:featuredmedia":[{"embeddable":true,"href":"https:\/\/sohimin.com\/index.php\/wp-json\/wp\/v2\/media\/323"}],"wp:attachment":[{"href":"https:\/\/sohimin.com\/index.php\/wp-json\/wp\/v2\/media?parent=322"}],"wp:term":[{"taxonomy":"product_brand","embeddable":true,"href":"https:\/\/sohimin.com\/index.php\/wp-json\/wp\/v2\/product_brand?post=322"},{"taxonomy":"product_cat","embeddable":true,"href":"https:\/\/sohimin.com\/index.php\/wp-json\/wp\/v2\/product_cat?post=322"},{"taxonomy":"product_tag","embeddable":true,"href":"https:\/\/sohimin.com\/index.php\/wp-json\/wp\/v2\/product_tag?post=322"}],"curies":[{"name":"wp","href":"https:\/\/api.w.org\/{rel}","templated":true}]}}